{"id":1365,"date":"2019-03-16T11:55:48","date_gmt":"2019-03-16T11:55:48","guid":{"rendered":"https:\/\/demo.gloriathemes.com\/arven\/light-demo\/?page_id=1365"},"modified":"2021-04-24T15:18:47","modified_gmt":"2021-04-24T13:18:47","slug":"apropos","status":"publish","type":"page","link":"https:\/\/www.visual-photographie.fr\/index.php\/apropos\/","title":{"rendered":"A Propos"},"content":{"rendered":"<div class=\"vc_row wpb_row vc_row-fluid gt-background-position-initial gt-background-attachment-initial vc_row-o-content-bottom vc_row-flex\"><div class=\"wpb_column vc_column_container vc_col-sm-12\"><div class=\"vc_column-inner\"><div class=\"wpb_wrapper\"><div class=\"vc_empty_space\"   style=\"height: 16px\"><span class=\"vc_empty_space_inner\"><\/span><\/div><div class=\"gt-page-title gt-light gt-center\"><h1>Qui sommes nous ?<\/h1><\/div><\/div><\/div><\/div><div class=\"wpb_column vc_column_container vc_col-sm-12 vc_col-lg-4 vc_col-md-4 vc_col-xs-12\"><div class=\"vc_column-inner\"><div class=\"wpb_wrapper\"><div class=\"gt-services-box gt-center\"><div class=\"gt-services-box__image\"><\/div><div class=\"gt-services-box__content\"><h4>Notre Mission<\/h4><p>Notre mission est de favoriser votre image, o\u00f9 que ce soit, en vous apportant un travail de qualit\u00e9.<\/p>\n<a href=\"https:\/\/demo.gloriathemes.com\/arven\/light-demo\/about-1\/\" title=\"Read More\" target=\"_parent\" class=\"gt-btn gt-btn--link\" rel=\"noopener\">Read More<\/a><\/div><\/div><div class=\"vc_empty_space\"   style=\"height: 35px\"><span class=\"vc_empty_space_inner\"><\/span><\/div><\/div><\/div><\/div><div class=\"wpb_column vc_column_container vc_col-sm-12 vc_col-lg-4 vc_col-md-4 vc_col-xs-12\"><div class=\"vc_column-inner\"><div class=\"wpb_wrapper\"><div class=\"gt-services-box gt-center\"><div class=\"gt-services-box__image\"><\/div><div class=\"gt-services-box__content\"><h4>Notre Exp\u00e9rience<\/h4><p>Quelques soient la demande en termes d'images, nous sommes en mesure de vous fournir une solution.<\/p>\n<a href=\"https:\/\/demo.gloriathemes.com\/arven\/light-demo\/about-1\/\" title=\"Read More\" target=\"_parent\" class=\"gt-btn gt-btn--link\" rel=\"noopener\">Read More<\/a><\/div><\/div><div class=\"vc_empty_space\"   style=\"height: 35px\"><span class=\"vc_empty_space_inner\"><\/span><\/div><\/div><\/div><\/div><div class=\"wpb_column vc_column_container vc_col-sm-12 vc_col-lg-4 vc_col-md-4 vc_col-xs-12\"><div class=\"vc_column-inner\"><div class=\"wpb_wrapper\"><div class=\"gt-services-box gt-center\"><div class=\"gt-services-box__image\"><\/div><div class=\"gt-services-box__content\"><h4>Nos Valeurs<\/h4><p>Notre but est votre satisfaction, nous trouverons toujours une solution pour vous satisfaire.<\/p>\n<a href=\"https:\/\/demo.gloriathemes.com\/arven\/light-demo\/about-1\/\" title=\"Read More\" target=\"_parent\" class=\"gt-btn gt-btn--link\" rel=\"noopener\">Read More<\/a><\/div><\/div><div class=\"vc_empty_space\"   style=\"height: 35px\"><span class=\"vc_empty_space_inner\"><\/span><\/div><\/div><\/div><\/div><\/div><div class=\"vc_row wpb_row vc_row-fluid gt-background-position-initial gt-background-attachment-initial\"><div class=\"wpb_column vc_column_container vc_col-sm-12 vc_col-lg-1\/5 vc_col-md-1\/5 vc_col-xs-12\"><div class=\"vc_column-inner\"><div class=\"wpb_wrapper\"><\/div><\/div><\/div><div class=\"wpb_column vc_column_container vc_col-sm-12 vc_col-lg-3\/5 vc_col-md-3\/5 vc_col-xs-12\"><div class=\"vc_column-inner\"><div class=\"wpb_wrapper\"><div class=\"vc_empty_space\"   style=\"height: 15px\"><span class=\"vc_empty_space_inner\"><\/span><\/div><div class=\"gt-page-title gt-dark gt-center\"><h1>Imaginez !<\/h1><p class=\"lead\">Venez nous rencontrer, nous serons en mesure de vous conseiller, et de vous apporter notre exp\u00e9rience.<\/p><\/div><div class=\"vc_empty_space\"   style=\"height: 95px\"><span class=\"vc_empty_space_inner\"><\/span><\/div>\n\t<div class=\"wpb_text_column wpb_content_element \" >\n\t\t<div class=\"wpb_wrapper\">\n\t\t\t<p>Photographe depuis 2011, Jean-Olivier a su se perfectionner dans des domaines extr\u00eamement pointus comme la photogram\u00e9trie, les visites virtuelles, ou l\u2019utilisation des drones. Issu d\u2019une formation technique en logistique, il a d\u00e9cid\u00e9 de vivre de sa passion pour l\u2019image. Visual Location S\u00e0RL, (et par la suite la marque Visual Photographie (Marque d\u00e9pos\u00e9e)) est devenu une soci\u00e9t\u00e9, dont l\u2019exp\u00e9rience en \u00e9v\u00e8nementiel, et institutionnel est devenu une valeur forte, qu\u2019il peut se permettre de mettre en avant.<\/p>\n\n\t\t<\/div>\n\t<\/div>\n<div class=\"vc_empty_space\"   style=\"height: 75px\"><span class=\"vc_empty_space_inner\"><\/span><\/div><\/div><\/div><\/div><div class=\"wpb_column vc_column_container vc_col-sm-12 vc_col-lg-1\/5 vc_col-md-1\/5 vc_col-xs-12\"><div class=\"vc_column-inner\"><div class=\"wpb_wrapper\"><\/div><\/div><\/div><\/div><div data-vc-full-width=\"true\" data-vc-full-width-init=\"false\" data-vc-stretch-content=\"true\" class=\"vc_row wpb_row vc_row-fluid gt-background-position-initial gt-background-attachment-initial vc_row-no-padding\"><div class=\"wpb_column vc_column_container vc_col-sm-2\"><div class=\"vc_column-inner\"><div class=\"wpb_wrapper\"><\/div><\/div><\/div><div class=\"wpb_column vc_column_container vc_col-sm-8\"><div class=\"vc_column-inner\"><div class=\"wpb_wrapper\"><div class=\"gt-showcase gt-showcase--1\" style=\"height: 80vh;\"><div class=\"gt-slider gt-slider--overlay\" style=\"height: 80vh;\"><div class=\"swiper-container gt-slider-container\" data-gt-speed=\"1500\" data-gt-loop=\"true\" data-gt-direction=\"horizontal\" data-gt-item=\"1\" data-gt-item-space=\"0\" data-gt-parallax=\"true\" data-gt-free-mode=\"false\" data-gt-effect=\"slide\" data-gt-centered-slides=\"false\" data-gt-lazy-loading=\"true\"><div class=\"swiper-wrapper\"><div class=\"swiper-slide\" data-swiper-autoplay=\"5000\"><div class=\"gt-overlay\" style=\"background-color:#191919; opacity:0.15;\"><\/div><div class=\"gt-slider__image swiper-lazy gt-background-position-default gt-background-attachment-default gt-background-size-default gt-background-repeat-default\" data-background=\"https:\/\/www.visual-photographie.fr\/wp-content\/uploads\/2019\/11\/14940209_1330446510319676_8645085297102548634_o.jpg\" data-swiper-parallax=\"50%\"><div class=\"swiper-lazy-preloader\"><\/div><\/div><div class=\"gt-slider__content\"><div class=\"gt-showcase__caption\" data-swiper-parallax=\"800\"><\/div><\/div><\/div><div class=\"swiper-slide\" data-swiper-autoplay=\"5000\"><div class=\"gt-overlay\" style=\"background-color:#191919; opacity:0.15;\"><\/div><div class=\"gt-slider__image swiper-lazy gt-background-position-default gt-background-attachment-default gt-background-size-default gt-background-repeat-default\" data-background=\"https:\/\/www.visual-photographie.fr\/wp-content\/uploads\/2019\/11\/20190324-Visual-Photographie-8714-1920x1200.jpg\" data-swiper-parallax=\"50%\"><div class=\"swiper-lazy-preloader\"><\/div><\/div><div class=\"gt-slider__content\"><div class=\"gt-showcase__caption\" data-swiper-parallax=\"800\"><\/div><\/div><\/div><div class=\"swiper-slide\" data-swiper-autoplay=\"5000\"><div class=\"gt-overlay\" style=\"background-color:#191919; opacity:0.15;\"><\/div><div class=\"gt-slider__image swiper-lazy gt-background-position-default gt-background-attachment-default gt-background-size-default gt-background-repeat-default\" data-background=\"https:\/\/www.visual-photographie.fr\/wp-content\/uploads\/2019\/11\/20190922-Visual-Photographie-2175-1920x1200.jpg\" data-swiper-parallax=\"50%\"><div class=\"swiper-lazy-preloader\"><\/div><\/div><div class=\"gt-slider__content\"><div class=\"gt-showcase__caption\" data-swiper-parallax=\"800\"><\/div><\/div><\/div><div class=\"swiper-slide\" data-swiper-autoplay=\"5000\"><div class=\"gt-overlay\" style=\"background-color:#191919; opacity:0.15;\"><\/div><div class=\"gt-slider__image swiper-lazy gt-background-position-default gt-background-attachment-default gt-background-size-default gt-background-repeat-default\" data-background=\"https:\/\/www.visual-photographie.fr\/wp-content\/uploads\/2019\/11\/18739840_1554226391275019_5326478912746347560_n-2.jpg\" data-swiper-parallax=\"50%\"><div class=\"swiper-lazy-preloader\"><\/div><\/div><div class=\"gt-slider__content\"><div class=\"gt-showcase__caption\" data-swiper-parallax=\"800\"><\/div><\/div><\/div><div class=\"swiper-slide\" data-swiper-autoplay=\"5000\"><div class=\"gt-overlay\" style=\"background-color:#191919; opacity:0.15;\"><\/div><div class=\"gt-slider__image swiper-lazy gt-background-position-default gt-background-attachment-default gt-background-size-default gt-background-repeat-default\" data-background=\"https:\/\/www.visual-photographie.fr\/wp-content\/uploads\/2019\/12\/C67Q9920-modifi\u00e9-modifi\u00e9-Modifier-1920x1200.jpg\" data-swiper-parallax=\"50%\"><div class=\"swiper-lazy-preloader\"><\/div><\/div><div class=\"gt-slider__content\"><div class=\"gt-showcase__caption\" data-swiper-parallax=\"800\"><\/div><\/div><\/div><\/div><div class=\"gt-slider__controls\"><div class=\"gt-slider__prev\"><div class=\"gt-icon\"><svg width=\"16\" height=\"16\" xmlns=\"http:\/\/www.w3.org\/2000\/svg\"><path d=\"M3.414 7l5.293-5.293A1 1 0 0 0 7.293.293l-7 7a1 1 0 0 0 0 1.414l7 7a1 1 0 1 0 1.414-1.414L3.414 9H15a1 1 0 0 0 0-2H3.414z\" fill=\"#000\" fill-rule=\"nonzero\"\/><\/svg><\/div><\/div><div class=\"gt-slider__pagination\"><\/div><div class=\"gt-slider__next\"><div class=\"gt-icon\"><svg width=\"16\" height=\"16\" xmlns=\"http:\/\/www.w3.org\/2000\/svg\"><path d=\"M12.586 9l-5.293 5.293a1 1 0 0 0 1.414 1.414l7-7a1 1 0 0 0 0-1.414l-7-7a1 1 0 0 0-1.414 1.414L12.586 7H1a1 1 0 0 0 0 2h11.586z\" fill=\"#000\" fill-rule=\"nonzero\"\/><\/svg><\/div><\/div><\/div><\/div><\/div><\/div><div class=\"vc_empty_space\"   style=\"height: 50px\"><span class=\"vc_empty_space_inner\"><\/span><\/div><\/div><\/div><\/div><div class=\"wpb_column vc_column_container vc_col-sm-2\"><div class=\"vc_column-inner\"><div class=\"wpb_wrapper\"><\/div><\/div><\/div><\/div><div class=\"vc_row-full-width vc_clearfix\"><\/div><div class=\"vc_row wpb_row vc_row-fluid gt-background-position-initial gt-background-attachment-initial\"><div class=\"wpb_column vc_column_container vc_col-sm-12 vc_col-lg-1\/5 vc_col-md-1\/5 vc_col-xs-12\"><div class=\"vc_column-inner\"><div class=\"wpb_wrapper\"><\/div><\/div><\/div><div class=\"wpb_column vc_column_container vc_col-sm-12 vc_col-lg-3\/5 vc_col-md-3\/5 vc_col-xs-12\"><div class=\"vc_column-inner\"><div class=\"wpb_wrapper\"><div class=\"vc_empty_space\"   style=\"height: 15px\"><span class=\"vc_empty_space_inner\"><\/span><\/div><div class=\"gt-about-box gt-light gt-center\"><div class=\"gt-about-box__top\"><i class=\"fas fa-photo-video\"><\/i><span>Bient\u00f4t !<\/span><\/div><div class=\"gt-about-box__center\"><h2>Studio 38.<\/h2><p>Nous serons bient\u00f4t en mesure de vous accueillir dans de nouveaux locaux, avec un plateau studio, de pr\u00e8s de 100m2. Nous vous tiendrons inform\u00e9 de son ouverture, bien entendu !<\/p>\n<\/div><div class=\"gt-about-box__bottom\"><\/div><\/div><div class=\"vc_empty_space\"   style=\"height: 65px\"><span class=\"vc_empty_space_inner\"><\/span><\/div><\/div><\/div><\/div><div class=\"wpb_column vc_column_container vc_col-sm-12 vc_col-lg-1\/5 vc_col-md-1\/5 vc_col-xs-12\"><div class=\"vc_column-inner\"><div class=\"wpb_wrapper\"><\/div><\/div><\/div><\/div><div class=\"vc_row wpb_row vc_row-fluid gt-background-position-initial gt-background-attachment-initial\"><div class=\"wpb_column vc_column_container vc_col-sm-12\"><div class=\"vc_column-inner\"><div class=\"wpb_wrapper\"><div class=\"vc_separator wpb_content_element vc_separator_align_center vc_sep_width_100 vc_sep_pos_align_center vc_separator_no_text\" ><span class=\"vc_sep_holder vc_sep_holder_l\"><span  style=\"border-color:#f2f2f2;\" class=\"vc_sep_line\"><\/span><\/span><span class=\"vc_sep_holder vc_sep_holder_r\"><span  style=\"border-color:#f2f2f2;\" class=\"vc_sep_line\"><\/span><\/span>\n<\/div><div class=\"vc_empty_space\"   style=\"height: 50px\"><span class=\"vc_empty_space_inner\"><\/span><\/div><div class=\"gt-page-title gt-dark gt-center\"><h1>Experience<\/h1><\/div><div class=\"vc_empty_space\"   style=\"height: 85px\"><span class=\"vc_empty_space_inner\"><\/span><\/div><div class=\"vc_row wpb_row vc_inner vc_row-fluid\"><div class=\"wpb_column vc_column_container vc_col-sm-12 vc_col-lg-4 vc_col-md-4 vc_col-xs-12\"><div class=\"vc_column-inner\"><div class=\"wpb_wrapper\"><div class=\"gt-progress gt-light gt-left\"><div class=\"gt-progress__title\">Flexibilit\u00e9<\/div><div class=\"gt-progress__bar\" data-gt-value=\"90\" data-gt-effect-speed=\"0.9\"><div class=\"gt-progress__line\"><\/div><\/div><div class=\"gt-progress__value\">90%<\/div><\/div><div class=\"vc_empty_space\"   style=\"height: 35px\"><span class=\"vc_empty_space_inner\"><\/span><\/div><\/div><\/div><\/div><div class=\"wpb_column vc_column_container vc_col-sm-12 vc_col-lg-4 vc_col-md-4 vc_col-xs-12\"><div class=\"vc_column-inner\"><div class=\"wpb_wrapper\"><div class=\"gt-progress gt-light gt-left\"><div class=\"gt-progress__title\">Digital Imaging<\/div><div class=\"gt-progress__bar\" data-gt-value=\"99\" data-gt-effect-speed=\"0.9\"><div class=\"gt-progress__line\"><\/div><\/div><div class=\"gt-progress__value\">99%<\/div><\/div><div class=\"vc_empty_space\"   style=\"height: 35px\"><span class=\"vc_empty_space_inner\"><\/span><\/div><\/div><\/div><\/div><div class=\"wpb_column vc_column_container vc_col-sm-12 vc_col-lg-4 vc_col-md-4 vc_col-xs-12\"><div class=\"vc_column-inner\"><div class=\"wpb_wrapper\"><div class=\"gt-progress gt-light gt-left\"><div class=\"gt-progress__title\">Light Skills<\/div><div class=\"gt-progress__bar\" data-gt-value=\"85\" data-gt-effect-speed=\"0.9\"><div class=\"gt-progress__line\"><\/div><\/div><div class=\"gt-progress__value\">85%<\/div><\/div><div class=\"vc_empty_space\"   style=\"height: 35px\"><span class=\"vc_empty_space_inner\"><\/span><\/div><\/div><\/div><\/div><\/div><div class=\"vc_row wpb_row vc_inner vc_row-fluid\"><div class=\"wpb_column vc_column_container vc_col-sm-12 vc_col-lg-4 vc_col-md-4 vc_col-xs-4\"><div class=\"vc_column-inner\"><div class=\"wpb_wrapper\"><div class=\"gt-progress gt-light gt-left\"><div class=\"gt-progress__title\">Mobilit\u00e9<\/div><div class=\"gt-progress__bar\" data-gt-value=\"100\" data-gt-effect-speed=\"0.9\"><div class=\"gt-progress__line\"><\/div><\/div><div class=\"gt-progress__value\">100%<\/div><\/div><div class=\"vc_empty_space\"   style=\"height: 35px\"><span class=\"vc_empty_space_inner\"><\/span><\/div><\/div><\/div><\/div><div class=\"wpb_column vc_column_container vc_col-sm-12 vc_col-lg-4 vc_col-md-4 vc_col-xs-12\"><div class=\"vc_column-inner\"><div class=\"wpb_wrapper\"><div class=\"gt-progress gt-light gt-left\"><div class=\"gt-progress__title\">Technique<\/div><div class=\"gt-progress__bar\" data-gt-value=\"95\" data-gt-effect-speed=\"0.9\"><div class=\"gt-progress__line\"><\/div><\/div><div class=\"gt-progress__value\">95%<\/div><\/div><div class=\"vc_empty_space\"   style=\"height: 35px\"><span class=\"vc_empty_space_inner\"><\/span><\/div><\/div><\/div><\/div><div class=\"wpb_column vc_column_container vc_col-sm-12 vc_col-lg-4 vc_col-md-4 vc_col-xs-12\"><div class=\"vc_column-inner\"><div class=\"wpb_wrapper\"><div class=\"gt-progress gt-light gt-left\"><div class=\"gt-progress__title\">Geek<\/div><div class=\"gt-progress__bar\" data-gt-value=\"99\" data-gt-effect-speed=\"0.9\"><div class=\"gt-progress__line\"><\/div><\/div><div class=\"gt-progress__value\">99%<\/div><\/div><div class=\"vc_empty_space\"   style=\"height: 35px\"><span class=\"vc_empty_space_inner\"><\/span><\/div><\/div><\/div><\/div><\/div><\/div><\/div><\/div><\/div>\n","protected":false},"excerpt":{"rendered":"Qui sommes nous ?Notre MissionNotre mission est de favoriser votre image, o\u00f9 que ce soit, en vous apportant un travail de qualit\u00e9. Read MoreNotre Exp\u00e9rienceQuelques soient la demande en termes...","protected":false},"author":1,"featured_media":0,"parent":0,"menu_order":0,"comment_status":"closed","ping_status":"closed","template":"","meta":{"om_disable_all_campaigns":false,"_monsterinsights_skip_tracking":false,"_monsterinsights_sitenote_active":false,"_monsterinsights_sitenote_note":"","_monsterinsights_sitenote_category":0,"_uf_show_specific_survey":0,"_uf_disable_surveys":false,"footnotes":""},"folder":[],"_links":{"self":[{"href":"https:\/\/www.visual-photographie.fr\/index.php\/wp-json\/wp\/v2\/pages\/1365"}],"collection":[{"href":"https:\/\/www.visual-photographie.fr\/index.php\/wp-json\/wp\/v2\/pages"}],"about":[{"href":"https:\/\/www.visual-photographie.fr\/index.php\/wp-json\/wp\/v2\/types\/page"}],"author":[{"embeddable":true,"href":"https:\/\/www.visual-photographie.fr\/index.php\/wp-json\/wp\/v2\/users\/1"}],"replies":[{"embeddable":true,"href":"https:\/\/www.visual-photographie.fr\/index.php\/wp-json\/wp\/v2\/comments?post=1365"}],"version-history":[{"count":22,"href":"https:\/\/www.visual-photographie.fr\/index.php\/wp-json\/wp\/v2\/pages\/1365\/revisions"}],"predecessor-version":[{"id":77275,"href":"https:\/\/www.visual-photographie.fr\/index.php\/wp-json\/wp\/v2\/pages\/1365\/revisions\/77275"}],"wp:attachment":[{"href":"https:\/\/www.visual-photographie.fr\/index.php\/wp-json\/wp\/v2\/media?parent=1365"}],"wp:term":[{"taxonomy":"folder","embeddable":true,"href":"https:\/\/www.visual-photographie.fr\/index.php\/wp-json\/wp\/v2\/folder?post=1365"}],"curies":[{"name":"wp","href":"https:\/\/api.w.org\/{rel}","templated":true}]}}