{"id":2616,"date":"2019-11-27T16:26:41","date_gmt":"2019-11-27T15:26:41","guid":{"rendered":"http:\/\/www.visual-photographie.fr\/?page_id=2616"},"modified":"2021-04-25T13:56:53","modified_gmt":"2021-04-25T11:56:53","slug":"domaine-dapplication-par-photogrametrie-arpentage-controle","status":"publish","type":"page","link":"https:\/\/www.visual-photographie.fr\/index.php\/domaine-dapplication-par-photogrametrie-arpentage-controle\/","title":{"rendered":"Domaine d&#8217;Application &#038; Photogram\u00e9trie"},"content":{"rendered":"<div data-vc-full-width=\"true\" data-vc-full-width-init=\"false\" data-vc-stretch-content=\"true\" class=\"vc_row wpb_row vc_row-fluid vc_custom_1574883907789 gt-background-position-initial gt-background-attachment-initial vc_row-o-equal-height vc_row-flex\"><div data-vc-parallax=\"3\" data-vc-parallax-image=\"https:\/\/www.visual-photographie.fr\/wp-content\/uploads\/2019\/11\/20180606-Visual-Photographie-_-scaled.jpg\" class=\"wpb_column vc_column_container vc_col-sm-12 vc_col-lg-12 vc_col-md-12 vc_col-xs-12 vc_col-has-fill gt-background-position-initial gt-background-attachment-initial vc_general vc_parallax vc_parallax-content-moving\"><div class=\"vc_column-inner vc_custom_1574876840185\"><div class=\"wpb_wrapper\"><div class=\"vc_row wpb_row vc_inner vc_row-fluid\"><div class=\"wpb_column vc_column_container vc_col-sm-12 vc_col-lg-1 vc_col-md-1 vc_col-xs-12\"><div class=\"vc_column-inner\"><div class=\"wpb_wrapper\"><div class=\"vc_empty_space\"   style=\"height: 300px\"><span class=\"vc_empty_space_inner\"><\/span><\/div><\/div><\/div><\/div><div class=\"wpb_column vc_column_container vc_col-sm-12 vc_col-lg-10 vc_col-md-10 vc_col-xs-12\"><div class=\"vc_column-inner vc_custom_1574876399218\"><div class=\"wpb_wrapper\"><div class=\"gt-page-title gt-dark gt-center\"><h1>Domaine d&#039;Application<\/h1><p class=\"small\">Les possibilit\u00e9s offertes par le drone, en fonction du domaine d&#039;application, bas\u00e9 sur le principe de la photogram\u00e9trie<\/p><\/div><\/div><\/div><\/div><\/div><\/div><\/div><\/div><\/div><div class=\"vc_row-full-width vc_clearfix\"><\/div><div data-vc-full-width=\"true\" data-vc-full-width-init=\"false\" data-vc-stretch-content=\"true\" class=\"vc_row wpb_row vc_row-fluid vc_custom_1574883920886 gt-background-position-initial gt-background-attachment-inherit vc_row-o-equal-height vc_row-flex\"><div class=\"wpb_column vc_column_container vc_col-sm-12 vc_col-lg-6 vc_col-md-6 vc_col-xs-12 vc_col-has-fill gt-background-position-initial gt-background-attachment-initial\"><div class=\"vc_column-inner vc_custom_1553719781626\"><div class=\"wpb_wrapper\"><div class=\"vc_row wpb_row vc_inner vc_row-fluid\"><div class=\"wpb_column vc_column_container vc_col-sm-12 vc_col-lg-1\/5 vc_col-md-1\/5 vc_col-xs-12\"><div class=\"vc_column-inner\"><div class=\"wpb_wrapper\"><\/div><\/div><\/div><div class=\"wpb_column vc_column_container vc_col-sm-12 vc_col-lg-3\/5 vc_col-md-3\/5 vc_col-xs-12\"><div class=\"vc_column-inner\"><div class=\"wpb_wrapper\"><div class=\"gt-page-title gt-light gt-right\"><h1>Topographie<\/h1><p class=\"small\">Cartographie 3D<\/p><\/div><div class=\"vc_empty_space\"   style=\"height: 45px\"><span class=\"vc_empty_space_inner\"><\/span><\/div>\n\t<div class=\"wpb_text_column wpb_content_element \" >\n\t\t<div class=\"wpb_wrapper\">\n\t\t\t<p style=\"text-align: right;\"><span style=\"color: #ffffff;\">Gr\u00e2ce \u00e0 l\u2019<b>acquisition de donn\u00e9es, <\/b>aux mesures prises, et une <strong>photogramm\u00e9trie<\/strong> pr\u00e9cise, vous aurez un \u00e9tat des lieux d\u2019une mani\u00e8re simple et rapide.<\/span><\/p>\n<p style=\"text-align: right;\"><span style=\"color: #ffffff;\">Transcriptions \u00e0 l\u2019\u00e9chelle<br \/>\nRelev\u00e9s de terrains<br \/>\nG\u00e9n\u00e9ration d\u2019orthophotos<br \/>\nMesures de distances<br \/>\nReconstitution 3D de terrains<br \/>\nRelev\u00e9 d\u2019arpentage<br \/>\nRelev\u00e9 de surfaces verticales<br \/>\nPlans d\u2019\u00e9l\u00e9vation<\/span><\/p>\n\n\t\t<\/div>\n\t<\/div>\n<\/div><\/div><\/div><div class=\"wpb_column vc_column_container vc_col-sm-12 vc_col-lg-1\/5 vc_col-md-1\/5 vc_col-xs-12\"><div class=\"vc_column-inner\"><div class=\"wpb_wrapper\"><\/div><\/div><\/div><\/div><\/div><\/div><\/div><div class=\"wpb_column vc_column_container vc_col-sm-12 vc_col-lg-6 vc_col-md-6 vc_col-xs-12 vc_col-has-fill gt-background-position-center-center gt-background-attachment-inherit\"><div class=\"vc_column-inner vc_custom_1575239355171\"><div class=\"wpb_wrapper\">\n\t<div  class=\"wpb_single_image wpb_content_element vc_align_center\">\n\t\t\n\t\t<figure class=\"wpb_wrapper vc_figure\">\n\t\t\t<div class=\"vc_single_image-wrapper   vc_box_border_grey\"><img loading=\"lazy\" decoding=\"async\" width=\"1024\" height=\"512\" src=\"https:\/\/www.visual-photographie.fr\/wp-content\/uploads\/2019\/11\/AdobeStock_89992833-1024x512.jpeg\" class=\"vc_single_image-img attachment-large\" alt=\"\" srcset=\"https:\/\/www.visual-photographie.fr\/wp-content\/uploads\/2019\/11\/AdobeStock_89992833-1024x512.jpeg 1024w, https:\/\/www.visual-photographie.fr\/wp-content\/uploads\/2019\/11\/AdobeStock_89992833-300x150.jpeg 300w, https:\/\/www.visual-photographie.fr\/wp-content\/uploads\/2019\/11\/AdobeStock_89992833-768x384.jpeg 768w, https:\/\/www.visual-photographie.fr\/wp-content\/uploads\/2019\/11\/AdobeStock_89992833-1536x768.jpeg 1536w, https:\/\/www.visual-photographie.fr\/wp-content\/uploads\/2019\/11\/AdobeStock_89992833-2048x1024.jpeg 2048w, https:\/\/www.visual-photographie.fr\/wp-content\/uploads\/2019\/11\/AdobeStock_89992833-600x300.jpeg 600w, https:\/\/www.visual-photographie.fr\/wp-content\/uploads\/2019\/11\/AdobeStock_89992833-750x375.jpeg 750w, https:\/\/www.visual-photographie.fr\/wp-content\/uploads\/2019\/11\/AdobeStock_89992833-1000x500.jpeg 1000w, https:\/\/www.visual-photographie.fr\/wp-content\/uploads\/2019\/11\/AdobeStock_89992833-1500x750.jpeg 1500w, https:\/\/www.visual-photographie.fr\/wp-content\/uploads\/2019\/11\/AdobeStock_89992833-2000x1000.jpeg 2000w\" sizes=\"(max-width: 1024px) 100vw, 1024px\" \/><\/div>\n\t\t<\/figure>\n\t<\/div>\n<\/div><\/div><\/div><\/div><div class=\"vc_row-full-width vc_clearfix\"><\/div><div data-vc-full-width=\"true\" data-vc-full-width-init=\"false\" data-vc-stretch-content=\"true\" class=\"vc_row wpb_row vc_row-fluid vc_custom_1574883965734 gt-background-position-initial gt-background-attachment-initial vc_row-o-equal-height vc_row-flex\"><div class=\"wpb_column vc_column_container vc_col-sm-12 vc_col-lg-6 vc_col-md-6 vc_col-xs-12 vc_col-has-fill gt-background-position-center-center gt-background-attachment-initial\"><div class=\"vc_column-inner vc_custom_1574874215571\"><div class=\"wpb_wrapper\"><\/div><\/div><\/div><div class=\"wpb_column vc_column_container vc_col-sm-12 vc_col-lg-6 vc_col-md-6 vc_col-xs-12\"><div class=\"vc_column-inner vc_custom_1553367028075\"><div class=\"wpb_wrapper\"><div class=\"vc_row wpb_row vc_inner vc_row-fluid\"><div class=\"wpb_column vc_column_container vc_col-sm-12 vc_col-lg-1\/5 vc_col-md-1\/5 vc_col-xs-12\"><div class=\"vc_column-inner\"><div class=\"wpb_wrapper\"><\/div><\/div><\/div><div class=\"wpb_column vc_column_container vc_col-sm-12 vc_col-lg-3\/5 vc_col-md-3\/5 vc_col-xs-12\"><div class=\"vc_column-inner\"><div class=\"wpb_wrapper\"><div class=\"gt-page-title gt-dark gt-left\"><h1>Mines et Carri\u00e8res<\/h1><\/div><div class=\"vc_empty_space\"   style=\"height: 45px\"><span class=\"vc_empty_space_inner\"><\/span><\/div>\n\t<div class=\"wpb_text_column wpb_content_element \" >\n\t\t<div class=\"wpb_wrapper\">\n\t\t\t<p>L\u2019usage des drones permet des prises de<b> mesures pr\u00e9cises<\/b> et garantit la s\u00e9curit\u00e9 de l\u2019op\u00e9rateur. Gain de temps assur\u00e9 pour des prestations de qualit\u00e9, que ce soit par <strong>photogramm\u00e9trie<\/strong>, ou par Lidar.<\/p>\n<ul>\n<li>Orthophotos haute r\u00e9solution<\/li>\n<li>Mod\u00e8le num\u00e9rique de surface\/terrain<\/li>\n<li>Etude topographique<\/li>\n<li>Calcul de cubatures<\/li>\n<li>Inspection de parois<\/li>\n<li>Monitoring environnemental<\/li>\n<li>Mod\u00e9lisation des stocks<\/li>\n<li>A\u00e9romagn\u00e9tisme<\/li>\n<\/ul>\n\n\t\t<\/div>\n\t<\/div>\n<div class=\"vc_empty_space\"   style=\"height: 20px\"><span class=\"vc_empty_space_inner\"><\/span><\/div><\/div><\/div><\/div><div class=\"wpb_column vc_column_container vc_col-sm-12 vc_col-lg-1\/5 vc_col-md-1\/5 vc_col-xs-12\"><div class=\"vc_column-inner\"><div class=\"wpb_wrapper\"><\/div><\/div><\/div><\/div><\/div><\/div><\/div><\/div><div class=\"vc_row-full-width vc_clearfix\"><\/div><div data-vc-full-width=\"true\" data-vc-full-width-init=\"false\" data-vc-stretch-content=\"true\" class=\"vc_row wpb_row vc_row-fluid vc_custom_1574883953583 vc_row-has-fill gt-background-position-initial gt-background-attachment-initial vc_row-o-equal-height vc_row-flex\"><div class=\"wpb_column vc_column_container vc_col-sm-12 vc_col-lg-6 vc_col-md-6 vc_col-xs-12\"><div class=\"vc_column-inner vc_custom_1553367028075\"><div class=\"wpb_wrapper\"><div class=\"vc_row wpb_row vc_inner vc_row-fluid\"><div class=\"wpb_column vc_column_container vc_col-sm-12 vc_col-lg-1\/5 vc_col-md-1\/5 vc_col-xs-12\"><div class=\"vc_column-inner\"><div class=\"wpb_wrapper\"><\/div><\/div><\/div><div class=\"wpb_column vc_column_container vc_col-sm-12 vc_col-lg-3\/5 vc_col-md-3\/5 vc_col-xs-12\"><div class=\"vc_column-inner\"><div class=\"wpb_wrapper\"><div class=\"gt-page-title gt-light gt-right\"><h1>Inspection d&#039;ouvrage<\/h1><p class=\"lead\">et Surveillance<\/p><\/div><div class=\"vc_empty_space\"   style=\"height: 45px\"><span class=\"vc_empty_space_inner\"><\/span><\/div>\n\t<div class=\"wpb_text_column wpb_content_element \" >\n\t\t<div class=\"wpb_wrapper\">\n\t\t\t<p style=\"text-align: right;\"><span style=\"color: #ffffff;\">L\u2019utilisation du drone permet un traitement et une prise de donn\u00e9es qui facilitent la <b>gestion de tous vos projets<\/b>.<\/span><\/p>\n<p style=\"text-align: right;\"><span style=\"color: #ffffff;\">Surveillance des ouvrages de production<\/span><br \/>\n<span style=\"color: #ffffff;\">Surveillance de zones \u00e0 risques<\/span><br \/>\n<span style=\"color: #ffffff;\">Surveillance du littoral et \u00e9rosion<\/span><br \/>\n<span style=\"color: #ffffff;\">Evaluation de d\u00e9g\u00e2ts<\/span><br \/>\n<span style=\"color: #ffffff;\">Inspection technique<\/span><br \/>\n<span style=\"color: #ffffff;\">Inspection d\u2019installations industrielles<\/span><br \/>\n<span style=\"color: #ffffff;\">Contr\u00f4le de grues BTP et portuaires<\/span><br \/>\n<span style=\"color: #ffffff;\">Contr\u00f4le de points de fixation<\/span><br \/>\n<span style=\"color: #ffffff;\">Contr\u00f4le des \u00e9oliennes<\/span><\/p>\n\n\t\t<\/div>\n\t<\/div>\n<div class=\"vc_empty_space\"   style=\"height: 20px\"><span class=\"vc_empty_space_inner\"><\/span><\/div><div class=\"gt-button-element gt-style-3 gt-right gt-display-block gt-margin-0\"><a href=\"http:\/\/www.visual-photographie.fr\/index.php\/domaine-dapplication\/\" title=\"(Prochainement) Gallerie Inspection\" target=\"_parent\">(Prochainement) Gallerie Inspection<\/a><\/div><\/div><\/div><\/div><div class=\"wpb_column vc_column_container vc_col-sm-12 vc_col-lg-1\/5 vc_col-md-1\/5 vc_col-xs-12\"><div class=\"vc_column-inner\"><div class=\"wpb_wrapper\"><\/div><\/div><\/div><\/div><\/div><\/div><\/div><div class=\"wpb_column vc_column_container vc_col-sm-12 vc_col-lg-6 vc_col-md-6 vc_col-xs-12 vc_col-has-fill gt-background-position-left-center gt-background-attachment-initial\"><div class=\"vc_column-inner vc_custom_1575307897795\"><div class=\"wpb_wrapper\"><\/div><\/div><\/div><\/div><div class=\"vc_row-full-width vc_clearfix\"><\/div><div data-vc-full-width=\"true\" data-vc-full-width-init=\"false\" data-vc-stretch-content=\"true\" class=\"vc_row wpb_row vc_row-fluid gt-background-position-initial gt-background-attachment-initial vc_row-o-equal-height vc_row-flex\"><div data-vc-parallax-image=\"https:\/\/www.youtube.com\/watch?v=zm7U56TQEHU\" data-vc-video-bg=\"https:\/\/www.youtube.com\/watch?v=zm7U56TQEHU\" class=\"wpb_column vc_column_container vc_col-sm-12 vc_col-lg-6 vc_col-md-6 vc_col-xs-12 vc_col-has-fill gt-background-position-initial gt-background-attachment-initial vc_video-bg-container\"><div class=\"vc_column-inner vc_custom_1575308097402\"><div class=\"wpb_wrapper\"><\/div><\/div><\/div><div class=\"wpb_column vc_column_container vc_col-sm-12 vc_col-lg-6 vc_col-md-6 vc_col-xs-12\"><div class=\"vc_column-inner vc_custom_1553367028075\"><div class=\"wpb_wrapper\"><div class=\"vc_row wpb_row vc_inner vc_row-fluid\"><div class=\"wpb_column vc_column_container vc_col-sm-12 vc_col-lg-1\/5 vc_col-md-1\/5 vc_col-xs-12\"><div class=\"vc_column-inner\"><div class=\"wpb_wrapper\"><\/div><\/div><\/div><div class=\"wpb_column vc_column_container vc_col-sm-12 vc_col-lg-3\/5 vc_col-md-3\/5 vc_col-xs-12\"><div class=\"vc_column-inner\"><div class=\"wpb_wrapper\"><div class=\"gt-page-title gt-dark gt-left\"><h1>Photogrammetrie<\/h1><p class=\"lead\">Qu&#039;est ce que c&#039;est<\/p><\/div><div class=\"vc_empty_space\"   style=\"height: 45px\"><span class=\"vc_empty_space_inner\"><\/span><\/div>\n\t<div class=\"wpb_text_column wpb_content_element \" >\n\t\t<div class=\"wpb_wrapper\">\n\t\t\t<p>La <strong>photogramm\u00e9trie<\/strong> a fortement \u00e9volu\u00e9 depuis sa premi\u00e8re application r\u00e9alis\u00e9e par un officier de l\u2019arm\u00e9e fran\u00e7aise, Aim\u00e9 Laussedat en 1849 sur la fa\u00e7ade de l\u2019H\u00f4tel des Invalides\u00a0: il a eu en effet l\u2019id\u00e9e d\u2019utiliser des photographies de paysages non seulement pour observer le terrain mais aussi pour le mesurer. Il met ainsi au point une technique qui s\u2019appellera plus tard la photogramm\u00e9trie1. Laussedat devient professeur au CNAM en 1873, titulaire de la chaire de g\u00e9om\u00e9trie appliqu\u00e9e aux arts o\u00f9 il est souvent question de topographie, et celui que l\u2019on peut consid\u00e9rer comme l\u2019inventeur de la photogramm\u00e9trie sera m\u00eame directeur du Conservatoire de 1881 \u00e0 1900.<\/p>\n<p>L\u2019autre personnage-cl\u00e9 est F\u00e9lix Tournachon, plus connu sous le nom de Nadar, qui dans les ann\u00e9es 1860 monte en ballon pour photographier Paris et bien d\u2019autres villes, et qui a tr\u00e8s bien compris, \u00e0 en juger par les brevets qu\u2019il a d\u00e9pos\u00e9s, l\u2019int\u00e9r\u00eat de la photographie a\u00e9rienne pour des finalit\u00e9s tant civiles que militaires. Invent\u00e9e en France, la photogramm\u00e9trie a ensuite \u00e9t\u00e9 d\u00e9velopp\u00e9e et industrialis\u00e9e de fa\u00e7on tr\u00e8s compl\u00e8te en Allemagne.<\/p>\n<p>En pratique, il faut attendre l\u2019entre-deux-guerres pour que la photographie a\u00e9rienne se g\u00e9n\u00e9ralise, avec le d\u00e9veloppement de l\u2019aviation. Apr\u00e8s-guerre, on observe un emploi de plus en plus syst\u00e9matique de la photogramm\u00e9trie pour r\u00e9aliser les cartes de base de pays entiers. Les d\u00e9veloppements de l\u2019imagerie spatiale \u00e0 haute r\u00e9solution et de la puissance de l\u2019informatique grand public ont donn\u00e9 depuis peu de nouvelles impulsions \u00e0 ce domaine. Mais en parall\u00e8le, les d\u00e9veloppements au sein de la communaut\u00e9 de vision par ordinateur, destin\u00e9s essentiellement \u00e0 des applications de robotique, ont capitalis\u00e9 depuis une d\u00e9cennie l\u2019essentiel des efforts de recherche dans ce m\u00eame domaine. C\u2019est cette communaut\u00e9 qui, actuellement, est principalement porteuse de l\u2019avenir de la photogramm\u00e9trie, qui pourrait par exemple s\u2019\u00e9tendre \u00e0 l\u2019acquisition directe de donn\u00e9es photogramm\u00e9triques pr\u00e9cises par des drones. (source Wikipedia)<\/p>\n\n\t\t<\/div>\n\t<\/div>\n<div class=\"vc_empty_space\"   style=\"height: 20px\"><span class=\"vc_empty_space_inner\"><\/span><\/div><div class=\"gt-button-element gt-style-1 gt-left gt-display-block gt-margin-0\"><a href=\"https:\/\/www.visual-photographie.fr\/index.php\/photogrammetrie-livraison-client\/\" title=\"Exemple de Livraison Client\" target=\"_parent\">Exemple de Livraison Client<\/a><\/div><\/div><\/div><\/div><div class=\"wpb_column vc_column_container vc_col-sm-12 vc_col-lg-1\/5 vc_col-md-1\/5 vc_col-xs-12\"><div class=\"vc_column-inner\"><div class=\"wpb_wrapper\"><\/div><\/div><\/div><\/div><\/div><\/div><\/div><\/div><div class=\"vc_row-full-width vc_clearfix\"><\/div><div data-vc-full-width=\"true\" data-vc-full-width-init=\"false\" data-vc-stretch-content=\"true\" class=\"vc_row wpb_row vc_row-fluid vc_custom_1553719849195 vc_row-has-fill gt-background-position-initial gt-background-attachment-initial vc_row-o-equal-height vc_row-flex\"><div class=\"wpb_column vc_column_container vc_col-sm-12 vc_col-lg-6 vc_col-md-6 vc_col-xs-12\"><div class=\"vc_column-inner vc_custom_1553367028075\"><div class=\"wpb_wrapper\"><div class=\"vc_row wpb_row vc_inner vc_row-fluid\"><div class=\"wpb_column vc_column_container vc_col-sm-12 vc_col-lg-1\/5 vc_col-md-1\/5 vc_col-xs-12\"><div class=\"vc_column-inner\"><div class=\"wpb_wrapper\"><\/div><\/div><\/div><div class=\"wpb_column vc_column_container vc_col-sm-12 vc_col-lg-3\/5 vc_col-md-3\/5 vc_col-xs-12\"><div class=\"vc_column-inner\"><div class=\"wpb_wrapper\"><div class=\"gt-page-title gt-light gt-right\"><h1>Comment ca marche<\/h1><\/div><div class=\"vc_empty_space\"   style=\"height: 45px\"><span class=\"vc_empty_space_inner\"><\/span><\/div>\n\t<div class=\"wpb_text_column wpb_content_element \" >\n\t\t<div class=\"wpb_wrapper\">\n\t\t\t<p style=\"text-align: right;\"><span style=\"color: #ffffff;\">Le logiciel de photogrammetrie va d\u00e9tecter les pixels en commun sur deux photos mitoyennes, et les r\u00e9f\u00e9rencer. En analysant les positions relatives de ces pixels communs sur l\u2019ensemble des photos de la sc\u00e8ne, un algorithme permet d\u2019en d\u00e9duire les positions dans l\u2019espace sous forme de coordonn\u00e9es X, Y, et Z. Chaque pixel r\u00e9f\u00e9renc\u00e9 constitue un point d\u2019un polygone permettant de g\u00e9n\u00e9rer un maillage triangul\u00e9 reproduisant un mod\u00e8le g\u00e9om\u00e9trique en 3 dimensions. Les photos sont ensuite plaqu\u00e9es sur ce mod\u00e8le pour le texturer et lui donner son aspect r\u00e9aliste.<\/span><\/p>\n<p style=\"text-align: right;\"><span style=\"color: #ffffff;\">Au vue des calculs n\u00e9cessaires \u00e0 une photogrammetrie, il est n\u00e9cessaire d\u2019avoir des ordinateurs puissants, permettant un grand nombre de calcul.<span class=\"Apple-converted-space\">\u00a0<\/span><\/span><\/p>\n<p style=\"text-align: right;\"><span style=\"color: #ffffff;\">Nous sommes \u00e9quip\u00e9s pour r\u00e9aliser rapidement ses mod\u00e8les 3D que nous pouvons ensuite vous livrer sous la forme et le type de fichiers de votre choix. (AutoCad, ArchiCAD, SolidWorks, Autodesk, Revit, Allpan, etc)<\/span><\/p>\n\n\t\t<\/div>\n\t<\/div>\n<div class=\"vc_empty_space\"   style=\"height: 20px\"><span class=\"vc_empty_space_inner\"><\/span><\/div><\/div><\/div><\/div><div class=\"wpb_column vc_column_container vc_col-sm-12 vc_col-lg-1\/5 vc_col-md-1\/5 vc_col-xs-12\"><div class=\"vc_column-inner\"><div class=\"wpb_wrapper\"><\/div><\/div><\/div><\/div><\/div><\/div><\/div><div class=\"wpb_column vc_column_container vc_col-sm-12 vc_col-lg-6 vc_col-md-6 vc_col-xs-12 vc_col-has-fill gt-background-position-center-center gt-background-attachment-initial\"><div class=\"vc_column-inner vc_custom_1574874444107\"><div class=\"wpb_wrapper\"><\/div><\/div><\/div><\/div><div class=\"vc_row-full-width vc_clearfix\"><\/div><div data-vc-full-width=\"true\" data-vc-full-width-init=\"false\" data-vc-stretch-content=\"true\" class=\"vc_row wpb_row vc_row-fluid vc_custom_1553718583867 gt-background-position-initial gt-background-attachment-initial vc_row-o-equal-height vc_row-flex\"><div class=\"wpb_column vc_column_container vc_col-sm-12 vc_col-lg-6 vc_col-md-6 vc_col-xs-12 vc_col-has-fill gt-background-position-right-center gt-background-attachment-initial\"><div class=\"vc_column-inner vc_custom_1574874664360\"><div class=\"wpb_wrapper\"><\/div><\/div><\/div><div class=\"wpb_column vc_column_container vc_col-sm-12 vc_col-lg-6 vc_col-md-6 vc_col-xs-12\"><div class=\"vc_column-inner vc_custom_1553367028075\"><div class=\"wpb_wrapper\"><div class=\"vc_row wpb_row vc_inner vc_row-fluid\"><div class=\"wpb_column vc_column_container vc_col-sm-12 vc_col-lg-1\/5 vc_col-md-1\/5 vc_col-xs-12\"><div class=\"vc_column-inner\"><div class=\"wpb_wrapper\"><\/div><\/div><\/div><div class=\"wpb_column vc_column_container vc_col-sm-12 vc_col-lg-3\/5 vc_col-md-3\/5 vc_col-xs-12\"><div class=\"vc_column-inner\"><div class=\"wpb_wrapper\"><div class=\"gt-page-title gt-dark gt-left\"><h1>Contactez nous<\/h1><p class=\"small\">Nous nous ferons un plaisir de discuter de votre projet avec vous.<\/p><\/div><div class=\"vc_empty_space\"   style=\"height: 45px\"><span class=\"vc_empty_space_inner\"><\/span><\/div>\n\t<div class=\"wpb_text_column wpb_content_element \" >\n\t\t<div class=\"wpb_wrapper\">\n\t\t\t<p>Quelques soient vos projets, en ponctuel ou r\u00e9current, nous nous engageons \u00e0 vous fournir une solution sur nos services, en 48heures. Contactez nous par mail, ou par t\u00e9l\u00e9phone !<\/p>\n\n\t\t<\/div>\n\t<\/div>\n<div class=\"vc_empty_space\"   style=\"height: 20px\"><span class=\"vc_empty_space_inner\"><\/span><\/div><div class=\"gt-button-element gt-style-1 gt-left gt-display-block gt-margin-0\"><a href=\"http:\/\/www.visual-photographie.fr\/index.php\/contact\/\" title=\"Contactez nous\" target=\"_parent\">Contactez nous<\/a><\/div><\/div><\/div><\/div><div class=\"wpb_column vc_column_container vc_col-sm-12 vc_col-lg-1\/5 vc_col-md-1\/5 vc_col-xs-12\"><div class=\"vc_column-inner\"><div class=\"wpb_wrapper\"><\/div><\/div><\/div><\/div><\/div><\/div><\/div><\/div><div class=\"vc_row-full-width vc_clearfix\"><\/div>\n","protected":false},"excerpt":{"rendered":"Domaine d&#039;ApplicationLes possibilit\u00e9s offertes par le drone, en fonction du domaine d&#039;application, bas\u00e9 sur le principe de la photogram\u00e9trieTopographieCartographie 3D Gr\u00e2ce \u00e0 l\u2019acquisition de donn\u00e9es, aux mesures prises, et une...","protected":false},"author":1,"featured_media":0,"parent":0,"menu_order":0,"comment_status":"closed","ping_status":"closed","template":"","meta":{"om_disable_all_campaigns":false,"_monsterinsights_skip_tracking":false,"_monsterinsights_sitenote_active":false,"_monsterinsights_sitenote_note":"","_monsterinsights_sitenote_category":0,"_uf_show_specific_survey":0,"_uf_disable_surveys":false,"footnotes":""},"folder":[5],"_links":{"self":[{"href":"https:\/\/www.visual-photographie.fr\/index.php\/wp-json\/wp\/v2\/pages\/2616"}],"collection":[{"href":"https:\/\/www.visual-photographie.fr\/index.php\/wp-json\/wp\/v2\/pages"}],"about":[{"href":"https:\/\/www.visual-photographie.fr\/index.php\/wp-json\/wp\/v2\/types\/page"}],"author":[{"embeddable":true,"href":"https:\/\/www.visual-photographie.fr\/index.php\/wp-json\/wp\/v2\/users\/1"}],"replies":[{"embeddable":true,"href":"https:\/\/www.visual-photographie.fr\/index.php\/wp-json\/wp\/v2\/comments?post=2616"}],"version-history":[{"count":59,"href":"https:\/\/www.visual-photographie.fr\/index.php\/wp-json\/wp\/v2\/pages\/2616\/revisions"}],"predecessor-version":[{"id":79107,"href":"https:\/\/www.visual-photographie.fr\/index.php\/wp-json\/wp\/v2\/pages\/2616\/revisions\/79107"}],"wp:attachment":[{"href":"https:\/\/www.visual-photographie.fr\/index.php\/wp-json\/wp\/v2\/media?parent=2616"}],"wp:term":[{"taxonomy":"folder","embeddable":true,"href":"https:\/\/www.visual-photographie.fr\/index.php\/wp-json\/wp\/v2\/folder?post=2616"}],"curies":[{"name":"wp","href":"https:\/\/api.w.org\/{rel}","templated":true}]}}