{"id":2805,"date":"2019-12-01T13:14:51","date_gmt":"2019-12-01T12:14:51","guid":{"rendered":"http:\/\/www.visual-photographie.fr\/?page_id=2805"},"modified":"2020-01-12T18:04:53","modified_gmt":"2020-01-12T17:04:53","slug":"portrait-et-reportage-visual-photographie","status":"publish","type":"page","link":"https:\/\/www.visual-photographie.fr\/index.php\/portrait-et-reportage-visual-photographie\/","title":{"rendered":"Portrait et Reportage"},"content":{"rendered":"<div data-vc-full-width=\"true\" data-vc-full-width-init=\"false\" data-vc-stretch-content=\"true\" class=\"vc_row wpb_row vc_row-fluid gt-background-position-initial gt-background-attachment-initial\"><div data-vc-parallax-image=\"https:\/\/www.youtube.com\/watch?v=uORvVoC01-0&amp;feature=youtu.be\" data-vc-video-bg=\"https:\/\/www.youtube.com\/watch?v=uORvVoC01-0&amp;feature=youtu.be\" class=\"wpb_column vc_column_container vc_col-sm-12 vc_col-has-fill gt-background-position-initial gt-background-attachment-initial vc_video-bg-container\"><div class=\"vc_column-inner\"><div class=\"wpb_wrapper\"><div class=\"vc_row wpb_row vc_inner vc_row-fluid\"><div class=\"wpb_column vc_column_container vc_col-sm-1 vc_col-lg-1 vc_col-md-1\"><div class=\"vc_column-inner\"><div class=\"wpb_wrapper\"><div class=\"vc_empty_space\"   style=\"height: 600px\"><span class=\"vc_empty_space_inner\"><\/span><\/div><\/div><\/div><\/div><div class=\"wpb_column vc_column_container vc_col-sm-8 vc_col-lg-10 vc_col-md-10\"><div class=\"vc_column-inner\"><div class=\"wpb_wrapper\"><div class=\"vc_empty_space\"   style=\"height: 150px\"><span class=\"vc_empty_space_inner\"><\/span><\/div><div class=\"gt-page-title gt-light gt-center\"><h1>INSTITUTIONNEL<\/h1><\/div><\/div><\/div><\/div><div class=\"wpb_column vc_column_container vc_col-sm-2 vc_col-lg-1 vc_col-md-1\"><div class=\"vc_column-inner\"><div class=\"wpb_wrapper\"><\/div><\/div><\/div><\/div><\/div><\/div><\/div><\/div><div class=\"vc_row-full-width vc_clearfix\"><\/div><div class=\"vc_row wpb_row vc_row-fluid gt-background-position-initial gt-background-attachment-initial\"><div class=\"wpb_column vc_column_container vc_col-sm-12\"><div class=\"vc_column-inner\"><div class=\"wpb_wrapper\"><div class=\"vc_empty_space\"   style=\"height: 100px\"><span class=\"vc_empty_space_inner\"><\/span><\/div><\/div><\/div><\/div><\/div><div data-vc-full-width=\"true\" data-vc-full-width-init=\"false\" data-vc-stretch-content=\"true\" class=\"vc_row wpb_row vc_row-fluid gt-background-position-initial gt-background-attachment-initial vc_row-o-equal-height vc_row-flex\"><div class=\"wpb_column vc_column_container vc_col-sm-12 vc_col-lg-6 vc_col-md-6 vc_col-xs-12 vc_col-has-fill gt-background-position-initial gt-background-attachment-initial\"><div class=\"vc_column-inner vc_custom_1553719781626\"><div class=\"wpb_wrapper\"><div class=\"vc_row wpb_row vc_inner vc_row-fluid\"><div class=\"wpb_column vc_column_container vc_col-sm-12 vc_col-lg-1\/5 vc_col-md-1\/5 vc_col-xs-12\"><div class=\"vc_column-inner\"><div class=\"wpb_wrapper\"><\/div><\/div><\/div><div class=\"wpb_column vc_column_container vc_col-sm-12 vc_col-lg-3\/5 vc_col-md-3\/5 vc_col-xs-12\"><div class=\"vc_column-inner\"><div class=\"wpb_wrapper\"><div class=\"gt-page-title gt-light gt-right\"><h1>Un photographe Corporate, pourquoi faire ?<\/h1><\/div><div class=\"vc_empty_space\"   style=\"height: 45px\"><span class=\"vc_empty_space_inner\"><\/span><\/div>\n\t<div class=\"wpb_text_column wpb_content_element \" >\n\t\t<div class=\"wpb_wrapper\">\n\t\t\t<p style=\"text-align: right;\"><span style=\"color: #ffffff;\">Sachant qu\u2019une image vaut plus que 1000 mots, il est important pour une entreprise de cr\u00e9er un impact fort sur sa client\u00e8le cible, avec des portraits, et des reportages de qualit\u00e9.<\/span><\/p>\n<p style=\"text-align: right;\"><span style=\"color: #ffffff;\">La multitude des supports de communication jouent un r\u00f4le pr\u00e9pond\u00e9rant dans la promotion et le marketing d\u2019une entreprise. Il est donc crucial de soigner ses images, et d\u2019avoir recours \u00e0 un professionnel. D\u2019o\u00f9 l\u2019utilit\u00e9 de faire appel \u00e0 un photographe institutionnel, ou corporate.<span class=\"Apple-converted-space\">\u00a0<\/span><\/span><\/p>\n\n\t\t<\/div>\n\t<\/div>\n<div class=\"vc_empty_space\"   style=\"height: 20px\"><span class=\"vc_empty_space_inner\"><\/span><\/div><\/div><\/div><\/div><div class=\"wpb_column vc_column_container vc_col-sm-12 vc_col-lg-1\/5 vc_col-md-1\/5 vc_col-xs-12\"><div class=\"vc_column-inner\"><div class=\"wpb_wrapper\"><\/div><\/div><\/div><\/div><\/div><\/div><\/div><div class=\"wpb_column vc_column_container vc_col-sm-12 vc_col-lg-6 vc_col-md-6 vc_col-xs-12 vc_col-has-fill gt-background-position-center-center gt-background-attachment-initial\"><div class=\"vc_column-inner vc_custom_1575220985467\"><div class=\"wpb_wrapper\"><\/div><\/div><\/div><\/div><div class=\"vc_row-full-width vc_clearfix\"><\/div><div data-vc-full-width=\"true\" data-vc-full-width-init=\"false\" data-vc-stretch-content=\"true\" class=\"vc_row wpb_row vc_row-fluid gt-background-position-initial gt-background-attachment-initial vc_row-o-equal-height vc_row-flex\"><div data-vc-parallax=\"3\" data-vc-parallax-image=\"https:\/\/www.visual-photographie.fr\/wp-content\/uploads\/2019\/12\/20190416-Visual-Photographie-2456-scaled.jpg\" class=\"wpb_column vc_column_container vc_col-sm-12 vc_col-lg-6 vc_col-md-6 vc_col-xs-12 vc_col-has-fill gt-background-position-center-center gt-background-attachment-initial vc_general vc_parallax vc_parallax-content-moving\"><div class=\"vc_column-inner vc_custom_1575221375329\"><div class=\"wpb_wrapper\"><\/div><\/div><\/div><div class=\"wpb_column vc_column_container vc_col-sm-12 vc_col-lg-6 vc_col-md-6 vc_col-xs-12\"><div class=\"vc_column-inner vc_custom_1553367028075\"><div class=\"wpb_wrapper\"><div class=\"vc_row wpb_row vc_inner vc_row-fluid\"><div class=\"wpb_column vc_column_container vc_col-sm-12 vc_col-lg-1\/5 vc_col-md-1\/5 vc_col-xs-12\"><div class=\"vc_column-inner\"><div class=\"wpb_wrapper\"><\/div><\/div><\/div><div class=\"wpb_column vc_column_container vc_col-sm-12 vc_col-lg-3\/5 vc_col-md-3\/5 vc_col-xs-12\"><div class=\"vc_column-inner\"><div class=\"wpb_wrapper\"><div class=\"gt-page-title gt-dark gt-left\"><h1>Mais qu\u2019est-ce qu\u2019un photographe corporate ?<\/h1><\/div><div class=\"vc_empty_space\"   style=\"height: 45px\"><span class=\"vc_empty_space_inner\"><\/span><\/div>\n\t<div class=\"wpb_text_column wpb_content_element \" >\n\t\t<div class=\"wpb_wrapper\">\n\t\t\t<p>La photographie corporate ou institutionnelle va plus loin que la r\u00e9alisation de simples prises de vues.<\/p>\n<p>De la m\u00eame mani\u00e8re que lors d\u2019un entretien d\u2019embauche, la communication non verbale est extr\u00eamement importante. Placement, attitude, etc, sont des choses bien souvent n\u00e9glig\u00e9s dans les image que vous transmettez. Un photographe saura d\u00e9finir, apr\u00e8s un cours entretien, et des questions cibl\u00e9es, un cahier des charges pr\u00e9cis pour vos photos, portraits, ou tout autre prises de vues (reportage, vid\u00e9o, etc).<\/p>\n<p>Un photographe corporate ou photographe institutionnel est \u00e9galement un expert qui se charge de mettre en images la vie de votre soci\u00e9t\u00e9 et ainsi que ses activit\u00e9s.<span class=\"Apple-converted-space\">\u00a0<\/span><\/p>\n<p>Il est amen\u00e9 \u00e0 travailler dans le domaine de la communication interne et institutionnelle de l\u2019entreprise, notamment pour les divers supports tels que les rapports d\u2019activit\u00e9s, les catalogues, les magazines, les articles de presse ou encore les calendriers.<\/p>\n<p>La mission d\u2019un photographe corporate va donc plus loin qu\u2019utiliser un appareil photo car ce dernier saura travailler avec l\u2019entreprise pour mettre en valeur les comp\u00e9tences et les atouts de celle-ci \u00e0 travers des images qui v\u00e9hiculeront son identit\u00e9 et cela pour tout besoin en communication.<\/p>\n\n\t\t<\/div>\n\t<\/div>\n<div class=\"vc_empty_space\"   style=\"height: 20px\"><span class=\"vc_empty_space_inner\"><\/span><\/div><\/div><\/div><\/div><div class=\"wpb_column vc_column_container vc_col-sm-12 vc_col-lg-1\/5 vc_col-md-1\/5 vc_col-xs-12\"><div class=\"vc_column-inner\"><div class=\"wpb_wrapper\"><\/div><\/div><\/div><\/div><\/div><\/div><\/div><\/div><div class=\"vc_row-full-width vc_clearfix\"><\/div><div data-vc-full-width=\"true\" data-vc-full-width-init=\"false\" data-vc-stretch-content=\"true\" class=\"vc_row wpb_row vc_row-fluid vc_custom_1553719829282 vc_row-has-fill gt-background-position-initial gt-background-attachment-initial vc_row-o-equal-height vc_row-flex\"><div class=\"wpb_column vc_column_container vc_col-sm-12 vc_col-lg-6 vc_col-md-6 vc_col-xs-12\"><div class=\"vc_column-inner vc_custom_1553367028075\"><div class=\"wpb_wrapper\"><div class=\"vc_row wpb_row vc_inner vc_row-fluid\"><div class=\"wpb_column vc_column_container vc_col-sm-12 vc_col-lg-1\/5 vc_col-md-1\/5 vc_col-xs-12\"><div class=\"vc_column-inner\"><div class=\"wpb_wrapper\"><\/div><\/div><\/div><div class=\"wpb_column vc_column_container vc_col-sm-12 vc_col-lg-3\/5 vc_col-md-3\/5 vc_col-xs-12\"><div class=\"vc_column-inner\"><div class=\"wpb_wrapper\"><div class=\"gt-page-title gt-light gt-right\"><h1>Du Portrait au Reportage<\/h1><\/div><div class=\"vc_empty_space\"   style=\"height: 95px\"><span class=\"vc_empty_space_inner\"><\/span><\/div>\n\t<div class=\"wpb_text_column wpb_content_element \" >\n\t\t<div class=\"wpb_wrapper\">\n\t\t\t<p style=\"text-align: right;\"><span style=\"color: #ffffff;\">Le r\u00f4le d\u2019un photographe corporate n\u2018est pas limit\u00e9 au reportage de l\u2019entreprise. Derri\u00e8re la r\u00e9ussite d\u2019une entreprise, quelle qu\u2019elle soit, se trouve souvent des personnes qui ont su la faire grandir.<span class=\"Apple-converted-space\">\u00a0<\/span><\/span><\/p>\n<p style=\"text-align: right;\"><span style=\"color: #ffffff;\">Le photographe corporate ou institutionnel peut donc aussi se charger des portraits professionnels de ces m\u00eames personnes, dirigeants bien sur, mais tout autres personnes de l\u2019entreprise, qui serviront \u00e0 illustrer les diff\u00e9rents supports n\u00e9cessaires pour la communication (Carte de visite, mail, organigramme, site web, etc).<\/span><\/p>\n<p style=\"text-align: right;\"><span style=\"color: #ffffff;\">Il pourra s\u2019agir de courtes vid\u00e9os, utilisable sur les r\u00e9seaux sociaux dans le cadre d\u2019une strat\u00e9gie marketing, ou tout simplement pour le profil de l\u2019entreprise.<span class=\"Apple-converted-space\">\u00a0<\/span><\/span><\/p>\n<p style=\"text-align: right;\"><span style=\"color: #ffffff;\">Avec l\u2019agenda de plus en plus restreint des dirigeants d\u2019une entreprise, un photographe professionnel saura s\u2019adapter \u00e0 ces diff\u00e9rentes contraintes pour r\u00e9aliser la prise de vue adapt\u00e9e.<\/span><\/p>\n\n\t\t<\/div>\n\t<\/div>\n<div class=\"vc_empty_space\"   style=\"height: 55px\"><span class=\"vc_empty_space_inner\"><\/span><\/div><div class=\"gt-button-element gt-style-3 gt-right gt-display-block gt-margin-0\"><a href=\"http:\/\/www.visual-photographie.fr\/index.php\/contact\/\" title=\"Vous \u00eates d\u00e9cid\u00e9 ?\" target=\"_parent\">Vous \u00eates d\u00e9cid\u00e9 ?<\/a><\/div><\/div><\/div><\/div><div class=\"wpb_column vc_column_container vc_col-sm-12 vc_col-lg-1\/5 vc_col-md-1\/5 vc_col-xs-12\"><div class=\"vc_column-inner\"><div class=\"wpb_wrapper\"><\/div><\/div><\/div><\/div><\/div><\/div><\/div><div data-vc-parallax=\"1.5\" class=\"wpb_column vc_column_container vc_col-sm-12 vc_col-lg-6 vc_col-md-6 vc_col-xs-12 vc_col-has-fill gt-background-position-top-center gt-background-attachment-initial vc_general vc_parallax vc_parallax-content-moving\"><div class=\"vc_column-inner vc_custom_1575547153610\"><div class=\"wpb_wrapper\">\n\t<div  class=\"wpb_single_image wpb_content_element vc_align_center\">\n\t\t\n\t\t<figure class=\"wpb_wrapper vc_figure\">\n\t\t\t<div class=\"vc_single_image-wrapper   vc_box_border_grey\"><img loading=\"lazy\" decoding=\"async\" width=\"683\" height=\"1024\" src=\"https:\/\/www.visual-photographie.fr\/wp-content\/uploads\/2019\/12\/20190205-Visual-Photographie-9980-683x1024.jpg\" class=\"vc_single_image-img attachment-large\" alt=\"\" srcset=\"https:\/\/www.visual-photographie.fr\/wp-content\/uploads\/2019\/12\/20190205-Visual-Photographie-9980-683x1024.jpg 683w, https:\/\/www.visual-photographie.fr\/wp-content\/uploads\/2019\/12\/20190205-Visual-Photographie-9980-200x300.jpg 200w, https:\/\/www.visual-photographie.fr\/wp-content\/uploads\/2019\/12\/20190205-Visual-Photographie-9980-768x1152.jpg 768w, https:\/\/www.visual-photographie.fr\/wp-content\/uploads\/2019\/12\/20190205-Visual-Photographie-9980-1024x1536.jpg 1024w, https:\/\/www.visual-photographie.fr\/wp-content\/uploads\/2019\/12\/20190205-Visual-Photographie-9980-1365x2048.jpg 1365w, https:\/\/www.visual-photographie.fr\/wp-content\/uploads\/2019\/12\/20190205-Visual-Photographie-9980-600x900.jpg 600w, https:\/\/www.visual-photographie.fr\/wp-content\/uploads\/2019\/12\/20190205-Visual-Photographie-9980-750x1125.jpg 750w, https:\/\/www.visual-photographie.fr\/wp-content\/uploads\/2019\/12\/20190205-Visual-Photographie-9980-1000x1500.jpg 1000w, https:\/\/www.visual-photographie.fr\/wp-content\/uploads\/2019\/12\/20190205-Visual-Photographie-9980-1500x2250.jpg 1500w, https:\/\/www.visual-photographie.fr\/wp-content\/uploads\/2019\/12\/20190205-Visual-Photographie-9980-2000x3000.jpg 2000w, https:\/\/www.visual-photographie.fr\/wp-content\/uploads\/2019\/12\/20190205-Visual-Photographie-9980-scaled.jpg 1707w\" sizes=\"(max-width: 683px) 100vw, 683px\" \/><\/div>\n\t\t<\/figure>\n\t<\/div>\n<\/div><\/div><\/div><\/div><div class=\"vc_row-full-width vc_clearfix\"><\/div><div data-vc-full-width=\"true\" data-vc-full-width-init=\"false\" data-vc-stretch-content=\"true\" class=\"vc_row wpb_row vc_row-fluid vc_custom_1553718583867 gt-background-position-initial gt-background-attachment-initial vc_row-o-equal-height vc_row-flex\"><div class=\"wpb_column vc_column_container vc_col-sm-12 vc_col-lg-6 vc_col-md-6 vc_col-xs-12 vc_col-has-fill gt-background-position-center-center gt-background-attachment-initial\"><div class=\"vc_column-inner vc_custom_1575221033522\"><div class=\"wpb_wrapper\"><\/div><\/div><\/div><div class=\"wpb_column vc_column_container vc_col-sm-12 vc_col-lg-6 vc_col-md-6 vc_col-xs-12\"><div class=\"vc_column-inner vc_custom_1553367028075\"><div class=\"wpb_wrapper\"><div class=\"vc_row wpb_row vc_inner vc_row-fluid\"><div class=\"wpb_column vc_column_container vc_col-sm-12 vc_col-lg-1\/5 vc_col-md-1\/5 vc_col-xs-12\"><div class=\"vc_column-inner\"><div class=\"wpb_wrapper\"><\/div><\/div><\/div><div class=\"wpb_column vc_column_container vc_col-sm-12 vc_col-lg-3\/5 vc_col-md-3\/5 vc_col-xs-12\"><div class=\"vc_column-inner\"><div class=\"wpb_wrapper\"><div class=\"gt-page-title gt-dark gt-left\"><h1>Franchissez le pas<\/h1><p class=\"small\">Parlons de vos attentes en termes d&#039;image.<\/p><\/div><div class=\"vc_empty_space\"   style=\"height: 45px\"><span class=\"vc_empty_space_inner\"><\/span><\/div>\n\t<div class=\"wpb_text_column wpb_content_element \" >\n\t\t<div class=\"wpb_wrapper\">\n\t\t\t<p>Quelques soient vos demandes en termes d&#8217;images, nous vous invitons \u00e0 nous contacter. Nous serons en mesures de trouver des solutions ensembles, pour parfaire l&#8217;image de votre entreprise.<\/p>\n\n\t\t<\/div>\n\t<\/div>\n<div class=\"vc_empty_space\"   style=\"height: 20px\"><span class=\"vc_empty_space_inner\"><\/span><\/div><\/div><\/div><\/div><div class=\"wpb_column vc_column_container vc_col-sm-12 vc_col-lg-1\/5 vc_col-md-1\/5 vc_col-xs-12\"><div class=\"vc_column-inner\"><div class=\"wpb_wrapper\"><\/div><\/div><\/div><\/div><div class=\"vc_row wpb_row vc_inner vc_row-fluid\"><div class=\"wpb_column vc_column_container vc_col-sm-6\"><div class=\"vc_column-inner\"><div class=\"wpb_wrapper\"><div class=\"gt-button-element gt-style-2 gt-right gt-display-block gt-margin-0\"><a href=\"http:\/\/www.visual-photographie.fr\/index.php\/photo-culinaire\/\" title=\"Photos culinaires\" target=\"_parent\">Photos culinaires<\/a><\/div><\/div><\/div><\/div><div class=\"wpb_column vc_column_container vc_col-sm-6\"><div class=\"vc_column-inner\"><div class=\"wpb_wrapper\"><div class=\"gt-button-element gt-style-2 gt-left gt-display-block gt-margin-0\"><a href=\"http:\/\/www.visual-photographie.fr\/index.php\/packshot\/\" title=\"Photos de Produits\" target=\"_parent\">Photos de Produits<\/a><\/div><\/div><\/div><\/div><\/div><\/div><\/div><\/div><\/div><div class=\"vc_row-full-width vc_clearfix\"><\/div>\n","protected":false},"excerpt":{"rendered":"INSTITUTIONNELUn photographe Corporate, pourquoi faire ? Sachant qu\u2019une image vaut plus que 1000 mots, il est important pour une entreprise de cr\u00e9er un impact fort sur sa client\u00e8le cible, avec...","protected":false},"author":1,"featured_media":0,"parent":0,"menu_order":0,"comment_status":"closed","ping_status":"closed","template":"","meta":{"om_disable_all_campaigns":false,"_monsterinsights_skip_tracking":false,"_monsterinsights_sitenote_active":false,"_monsterinsights_sitenote_note":"","_monsterinsights_sitenote_category":0,"_uf_show_specific_survey":0,"_uf_disable_surveys":false,"footnotes":""},"folder":[9],"_links":{"self":[{"href":"https:\/\/www.visual-photographie.fr\/index.php\/wp-json\/wp\/v2\/pages\/2805"}],"collection":[{"href":"https:\/\/www.visual-photographie.fr\/index.php\/wp-json\/wp\/v2\/pages"}],"about":[{"href":"https:\/\/www.visual-photographie.fr\/index.php\/wp-json\/wp\/v2\/types\/page"}],"author":[{"embeddable":true,"href":"https:\/\/www.visual-photographie.fr\/index.php\/wp-json\/wp\/v2\/users\/1"}],"replies":[{"embeddable":true,"href":"https:\/\/www.visual-photographie.fr\/index.php\/wp-json\/wp\/v2\/comments?post=2805"}],"version-history":[{"count":20,"href":"https:\/\/www.visual-photographie.fr\/index.php\/wp-json\/wp\/v2\/pages\/2805\/revisions"}],"predecessor-version":[{"id":3398,"href":"https:\/\/www.visual-photographie.fr\/index.php\/wp-json\/wp\/v2\/pages\/2805\/revisions\/3398"}],"wp:attachment":[{"href":"https:\/\/www.visual-photographie.fr\/index.php\/wp-json\/wp\/v2\/media?parent=2805"}],"wp:term":[{"taxonomy":"folder","embeddable":true,"href":"https:\/\/www.visual-photographie.fr\/index.php\/wp-json\/wp\/v2\/folder?post=2805"}],"curies":[{"name":"wp","href":"https:\/\/api.w.org\/{rel}","templated":true}]}}