{"id":3064,"date":"2019-12-05T17:19:10","date_gmt":"2019-12-05T16:19:10","guid":{"rendered":"http:\/\/www.visual-photographie.fr\/?page_id=3064"},"modified":"2021-04-29T22:14:16","modified_gmt":"2021-04-29T20:14:16","slug":"photo-culinaire","status":"publish","type":"page","link":"https:\/\/www.visual-photographie.fr\/index.php\/photo-culinaire\/","title":{"rendered":"Photo culinaire"},"content":{"rendered":"<div data-vc-full-width=\"true\" data-vc-full-width-init=\"false\" data-vc-stretch-content=\"true\" class=\"vc_row wpb_row vc_row-fluid gt-background-position-initial gt-background-attachment-initial vc_row-o-equal-height vc_row-flex\"><div class=\"wpb_column vc_column_container vc_col-sm-12 vc_col-has-fill gt-background-position-initial gt-background-attachment-initial\"><div class=\"vc_column-inner vc_custom_1574892950500\"><div class=\"wpb_wrapper\"><div class=\"vc_row wpb_row vc_inner vc_row-fluid\"><div class=\"wpb_column vc_column_container vc_col-sm-4 vc_col-lg-1 vc_col-md-1\"><div class=\"vc_column-inner\"><div class=\"wpb_wrapper\"><\/div><\/div><\/div><div class=\"wpb_column vc_column_container vc_col-sm-4 vc_col-lg-10 vc_col-md-10 vc_col-xs-12 vc_col-has-fill\"><div class=\"vc_column-inner vc_custom_1575562322702\"><div class=\"wpb_wrapper\"><div class=\"vc_empty_space\"   style=\"height: 90px\"><span class=\"vc_empty_space_inner\"><\/span><\/div><div class=\"gt-page-title gt-light gt-right\"><h1>Photo Culinaire<\/h1><p class=\"small\">Mettre en valeur l&#039;image de vos produits, et de votre entreprise.<\/p><\/div><div class=\"vc_empty_space\"   style=\"height: 290px\"><span class=\"vc_empty_space_inner\"><\/span><\/div><\/div><\/div><\/div><div class=\"wpb_column vc_column_container vc_col-sm-4 vc_col-lg-1 vc_col-md-1\"><div class=\"vc_column-inner\"><div class=\"wpb_wrapper\"><\/div><\/div><\/div><\/div><\/div><\/div><\/div><\/div><div class=\"vc_row-full-width vc_clearfix\"><\/div><div class=\"vc_row wpb_row vc_row-fluid gt-background-position-initial gt-background-attachment-initial vc_row-o-equal-height vc_row-flex\"><div data-vc-parallax=\"3\" class=\"wpb_column vc_column_container vc_col-sm-12 vc_col-lg-12 vc_col-md-12 vc_col-xs-12 vc_col-has-fill gt-background-position-center-center gt-background-attachment-initial vc_general vc_parallax vc_parallax-content-moving\"><div class=\"vc_column-inner vc_custom_1575561426010\"><div class=\"wpb_wrapper\"><div class=\"vc_row wpb_row vc_inner vc_row-fluid\"><div class=\"wpb_column vc_column_container vc_col-sm-12 vc_col-lg-1 vc_col-md-1 vc_col-xs-12\"><div class=\"vc_column-inner\"><div class=\"wpb_wrapper\"><\/div><\/div><\/div><div class=\"wpb_column vc_column_container vc_col-sm-12 vc_col-lg-10 vc_col-md-10 vc_col-xs-12\"><div class=\"vc_column-inner\"><div class=\"wpb_wrapper\"><div class=\"gt-page-title gt-dark gt-left\"><h1>Les produits de votre entreprise<\/h1><\/div><div class=\"vc_empty_space\"   style=\"height: 25px\"><span class=\"vc_empty_space_inner\"><\/span><\/div>\n\t<div class=\"wpb_text_column wpb_content_element \" >\n\t\t<div class=\"wpb_wrapper\">\n\t\t\t<p style=\"text-align: left;\">Si avant,<span class=\"Apple-converted-space\">\u00a0 <\/span>on immortalisait que les instants forts et important comme les mariages, les anniversaires, les bapt\u00eames ou la premi\u00e8re communion, aujourd\u2019hui, \u00e0 l\u2019inverse on peut dire que photographie est de plus en plus pr\u00e9sente dans nos vies. effectivement, depuis quelque temps, on rencontre de plus en plus des photographes sp\u00e9cialis\u00e9s dans des domaines comme l\u2019architecture, les \u00e9v\u00e8nements d\u2019une vie (mariage, anniversaire ou autre), l\u2019immobilier, le culinaire\u2026<span class=\"Apple-converted-space\">\u00a0 <\/span>En effet, actuellement, il est m\u00eame possible de photographier des plats\u00a0! Mais pourquoi donc faire appel \u00e0 un photographe culinaire\u00a0? Tout simplement, parce que la Cuisine, et ses plats, occupe une place pr\u00e9pond\u00e9rante dans nos vies.<span class=\"Apple-converted-space\">\u00a0 <\/span>L\u2019art de la table, les diff\u00e9rentes \u00e9missions culinaires invitent les amoureux de la cuisine \u00e0 mettre leur plus beau tablier, \u00e0 \u00e9voquer les meilleurs plats, et \u00e0 d\u00e9gainer leur smartphone pour leur derni\u00e8re cr\u00e9ation gustatives.<\/p>\n<p style=\"text-align: left;\">Autrefois, quand on parlait de la photographie, on pense imm\u00e9diatement aux grands \u00e9v\u00e8nement (mariage, bapt\u00eame, naissance d\u2019un nouveau-n\u00e9, etc).<\/p>\n<p style=\"text-align: left;\">Aujourd\u2019hui, ce domaine est devenu si vaste que l\u2019on peut tout prendre en photo, y compris notre gastronomies.<\/p>\n<p style=\"text-align: left;\">Mais quelles sont les raisons qui incitent les professionnels de la restauration \u00e0 contacter un photographe culinaire.<\/p>\n\n\t\t<\/div>\n\t<\/div>\n<div class=\"vc_empty_space\"   style=\"height: 25px\"><span class=\"vc_empty_space_inner\"><\/span><\/div><\/div><\/div><\/div><div class=\"wpb_column vc_column_container vc_col-sm-12 vc_col-lg-1 vc_col-md-1 vc_col-xs-12\"><div class=\"vc_column-inner\"><div class=\"wpb_wrapper\"><\/div><\/div><\/div><\/div><\/div><\/div><\/div><\/div><div class=\"vc_row wpb_row vc_row-fluid vc_custom_1574714413965 vc_row-has-fill gt-background-position-initial gt-background-attachment-initial vc_row-o-equal-height vc_row-flex\"><div class=\"wpb_column vc_column_container vc_col-sm-12 vc_col-lg-6 vc_col-md-6 vc_col-xs-12\"><div class=\"vc_column-inner vc_custom_1553367028075\"><div class=\"wpb_wrapper\"><div class=\"vc_row wpb_row vc_inner vc_row-fluid\"><div class=\"wpb_column vc_column_container vc_col-sm-12 vc_col-lg-1\/5 vc_col-md-1\/5 vc_col-xs-12\"><div class=\"vc_column-inner\"><div class=\"wpb_wrapper\"><\/div><\/div><\/div><div class=\"wpb_column vc_column_container vc_col-sm-12 vc_col-lg-3\/5 vc_col-md-3\/5 vc_col-xs-12\"><div class=\"vc_column-inner\"><div class=\"wpb_wrapper\"><div class=\"vc_empty_space\"   style=\"height: 52px\"><span class=\"vc_empty_space_inner\"><\/span><\/div>\n\t<div class=\"wpb_text_column wpb_content_element \" >\n\t\t<div class=\"wpb_wrapper\">\n\t\t\t<p style=\"text-align: right;\"><span style=\"color: #ffffff;\">La premi\u00e8re raison, c\u2019est qu\u2019une photo culinaire est un \u00e9l\u00e9ment incontournable. Comme l\u2019on dit,\u00a0pour appr\u00e9cier un plat, l\u2019image \u00e9tant la premi\u00e8re communication dans cette corporation, il faut tout d\u2019abord que les yeux soient s\u00e9duits par sa pr\u00e9sentation. Pour un professionnel<span class=\"Apple-converted-space\">\u00a0 <\/span>de la restauration, rien qu\u2019une belle image pourra entrainer un nouvel impact sur sa carte ou sa recette. Bien \u00e9videmment, que ce soit sur len net ou dans les magazines, les mots et les recettes permettent aux lecteurs de se projeter et de ressentir la saveur des plats. Rien ne vaut donc une image de qualit\u00e9, pour se laisser s\u00e9duire.<span class=\"Apple-converted-space\">\u00a0<\/span><\/span><\/p>\n<p style=\"text-align: right;\"><span style=\"color: #ffffff;\">De plus, de nos jours, nous sommes tous conscients que la concurrence est rude, il est de ce fait pr\u00e9f\u00e9rable d\u2019attirer l\u2019attention des internautes et des lecteurs par des images travaill\u00e9es. Pour se faire, la meilleure option est de confier ce travail \u00e0 un photographe culinaire professionnel, il est le mieux plac\u00e9 pour r\u00e9aliser une image parfaite d\u2019un plat.<\/span><\/p>\n\n\t\t<\/div>\n\t<\/div>\n<div class=\"vc_empty_space\"   style=\"height: 52px\"><span class=\"vc_empty_space_inner\"><\/span><\/div><\/div><\/div><\/div><div class=\"wpb_column vc_column_container vc_col-sm-12 vc_col-lg-1\/5 vc_col-md-1\/5 vc_col-xs-12\"><div class=\"vc_column-inner\"><div class=\"wpb_wrapper\"><\/div><\/div><\/div><\/div><\/div><\/div><\/div><div class=\"wpb_column vc_column_container vc_col-sm-12 vc_col-lg-6 vc_col-md-6 vc_col-xs-12 vc_col-has-fill gt-background-position-center-center gt-background-attachment-initial\"><div class=\"vc_column-inner vc_custom_1619726882816\"><div class=\"wpb_wrapper\"><\/div><\/div><\/div><\/div><div class=\"vc_row wpb_row vc_row-fluid gt-background-position-initial gt-background-attachment-initial vc_row-o-equal-height vc_row-flex\"><div data-vc-parallax=\"3\" data-vc-parallax-o-fade=\"on\" class=\"wpb_column vc_column_container vc_col-sm-12 vc_col-lg-6 vc_col-md-6 vc_col-xs-12 vc_col-has-fill gt-background-position-initial gt-background-attachment-initial vc_general vc_parallax vc_parallax-content-moving-fade js-vc_parallax-o-fade\"><div class=\"vc_column-inner vc_custom_1619352789878\"><div class=\"wpb_wrapper\"><\/div><\/div><\/div><div class=\"wpb_column vc_column_container vc_col-sm-12 vc_col-lg-6 vc_col-md-6 vc_col-xs-12\"><div class=\"vc_column-inner vc_custom_1553367028075\"><div class=\"wpb_wrapper\"><div class=\"vc_row wpb_row vc_inner vc_row-fluid\"><div class=\"wpb_column vc_column_container vc_col-sm-12 vc_col-lg-1\/5 vc_col-md-1\/5 vc_col-xs-12\"><div class=\"vc_column-inner vc_custom_1619352840298\"><div class=\"wpb_wrapper\"><\/div><\/div><\/div><div class=\"wpb_column vc_column_container vc_col-sm-12 vc_col-lg-3\/5 vc_col-md-3\/5 vc_col-xs-12\"><div class=\"vc_column-inner\"><div class=\"wpb_wrapper\"><div class=\"vc_empty_space\"   style=\"height: 52px\"><span class=\"vc_empty_space_inner\"><\/span><\/div>\n\t<div class=\"wpb_text_column wpb_content_element \" >\n\t\t<div class=\"wpb_wrapper\">\n\t\t\t<p><i>\u00ab Selon l\u2019Insee 80% DES INTERNAUTES STOPPENT LEUR PROCESSUS D\u2019ACHAT EN RAISON D\u2019UNE PHOTO PRODUIT TROP PETITE, OU DE MAUVAISE QUALIT\u00c9 \u00bb<\/i><\/p>\n<p>Ne n\u00e9gligez pas vos images<span class=\"Apple-converted-space\">\u00a0<\/span><\/p>\n\n\t\t<\/div>\n\t<\/div>\n<div class=\"vc_empty_space\"   style=\"height: 52px\"><span class=\"vc_empty_space_inner\"><\/span><\/div><\/div><\/div><\/div><div class=\"wpb_column vc_column_container vc_col-sm-12 vc_col-lg-1\/5 vc_col-md-1\/5 vc_col-xs-12\"><div class=\"vc_column-inner\"><div class=\"wpb_wrapper\"><\/div><\/div><\/div><\/div><\/div><\/div><\/div><\/div><div class=\"vc_row wpb_row vc_row-fluid vc_custom_1574714429111 vc_row-has-fill gt-background-position-initial gt-background-attachment-initial vc_row-o-equal-height vc_row-flex\"><div class=\"wpb_column vc_column_container vc_col-sm-12 vc_col-lg-6 vc_col-md-6 vc_col-xs-12\"><div class=\"vc_column-inner vc_custom_1553367028075\"><div class=\"wpb_wrapper\"><div class=\"vc_row wpb_row vc_inner vc_row-fluid\"><div class=\"wpb_column vc_column_container vc_col-sm-12 vc_col-lg-1\/5 vc_col-md-1\/5 vc_col-xs-12\"><div class=\"vc_column-inner\"><div class=\"wpb_wrapper\"><\/div><\/div><\/div><div class=\"wpb_column vc_column_container vc_col-sm-12 vc_col-lg-3\/5 vc_col-md-3\/5 vc_col-xs-12\"><div class=\"vc_column-inner\"><div class=\"wpb_wrapper\"><div class=\"vc_empty_space\"   style=\"height: 32px\"><span class=\"vc_empty_space_inner\"><\/span><\/div>\n\t<div class=\"wpb_text_column wpb_content_element \" >\n\t\t<div class=\"wpb_wrapper\">\n\t\t\t<p style=\"text-align: right;\"><span style=\"color: #ffffff;\">Outre le fait d\u2019\u00eatre un \u00e9l\u00e9ment incontournable, la photo culinaire est \u00e9galement un atout pour votre communication. C\u2019est pour cette raison que de nombreux professionnels de la restauration confient la r\u00e9alisation de la photo de leur plat \u00e0 des photographes. Chacun son domaine !<\/span><\/p>\n<p style=\"text-align: right;\"><span style=\"color: #ffffff;\">En effet, que ce soit en communication papier ou en communication digitale, il est important de soigner sa pr\u00e9sentation si l\u2019on souhaite attirer l\u2019attention du public.<span class=\"Apple-converted-space\">\u00a0<\/span><\/span><\/p>\n<p style=\"text-align: right;\"><span style=\"color: #ffffff;\">Ceci dit, les m\u00e9tiers de bouche ont tout int\u00e9r\u00eat \u00e0 se tourner vers un photographe culinaire pour garantir une image de marque. Par ailleurs, pour mettre en valeur le savoir-faire et l\u2019exp\u00e9rience d\u2019un chef, il est important de r\u00e9aliser des photos de qualit\u00e9 sur les sites en ligne. Rien n\u2019est plus rassurant que de r\u00e9aliser des photos de plats avec l\u2019aide d\u2019un professionnel, le t\u00e9l\u00e9phone mobile ne suffisant clairement plus dans ce cas pr\u00e9cis.<span class=\"Apple-converted-space\">\u00a0<\/span><\/span><\/p>\n\n\t\t<\/div>\n\t<\/div>\n<div class=\"vc_empty_space\"   style=\"height: 32px\"><span class=\"vc_empty_space_inner\"><\/span><\/div><\/div><\/div><\/div><div class=\"wpb_column vc_column_container vc_col-sm-12 vc_col-lg-1\/5 vc_col-md-1\/5 vc_col-xs-12\"><div class=\"vc_column-inner\"><div class=\"wpb_wrapper\"><\/div><\/div><\/div><\/div><\/div><\/div><\/div><div data-vc-parallax=\"3\" class=\"wpb_column vc_column_container vc_col-sm-12 vc_col-lg-6 vc_col-md-6 vc_col-xs-12 vc_col-has-fill gt-background-position-center-center gt-background-attachment-initial vc_general vc_parallax vc_parallax-content-moving\"><div class=\"vc_column-inner vc_custom_1575564080524\"><div class=\"wpb_wrapper\"><\/div><\/div><\/div><\/div><div class=\"vc_row wpb_row vc_row-fluid vc_custom_1574714437678 gt-background-position-initial gt-background-attachment-initial vc_row-o-equal-height vc_row-flex\"><div class=\"wpb_column vc_column_container vc_col-sm-12 vc_col-lg-6 vc_col-md-6 vc_col-xs-12 vc_col-has-fill gt-background-position-center-center gt-background-attachment-scroll\"><div class=\"vc_column-inner vc_custom_1619352628566\"><div class=\"wpb_wrapper\"><\/div><\/div><\/div><div class=\"wpb_column vc_column_container vc_col-sm-12 vc_col-lg-6 vc_col-md-6 vc_col-xs-12\"><div class=\"vc_column-inner vc_custom_1553367028075\"><div class=\"wpb_wrapper\"><div class=\"vc_row wpb_row vc_inner vc_row-fluid\"><div class=\"wpb_column vc_column_container vc_col-sm-12 vc_col-lg-1\/5 vc_col-md-1\/5 vc_col-xs-12\"><div class=\"vc_column-inner\"><div class=\"wpb_wrapper\"><\/div><\/div><\/div><div class=\"wpb_column vc_column_container vc_col-sm-12 vc_col-lg-3\/5 vc_col-md-3\/5 vc_col-xs-12\"><div class=\"vc_column-inner\"><div class=\"wpb_wrapper\"><div class=\"vc_empty_space\"   style=\"height: 32px\"><span class=\"vc_empty_space_inner\"><\/span><\/div>\n\t<div class=\"wpb_text_column wpb_content_element \" >\n\t\t<div class=\"wpb_wrapper\">\n\t\t\t<p>Que ce soit sur place, ou dans notre studio (prochainement) nous sommes en mesure de r\u00e9aliser des photos \u00e0 l\u2019\u00e9clairage \u00e9quilibr\u00e9e, \u00e0 la nettet\u00e9 maitris\u00e9e, et \u00e0 la colorim\u00e9trie parfaite. Nous veillons tout particuli\u00e8rement \u00e0 pr\u00e9server une justesse des couleurs en ayant, de la prise de vue, jusqu\u2019\u00e0 la livraison une gestion de la couleur la plus parfaite et lin\u00e9aire possible. De par ce process pr\u00e9cis, nous vous livrons des photos poss\u00e9dant un rendu identique, de la premi\u00e8re, \u00e0 la derni\u00e8re !<\/p>\n\n\t\t<\/div>\n\t<\/div>\n<div class=\"vc_empty_space\"   style=\"height: 32px\"><span class=\"vc_empty_space_inner\"><\/span><\/div><\/div><\/div><\/div><div class=\"wpb_column vc_column_container vc_col-sm-12 vc_col-lg-1\/5 vc_col-md-1\/5 vc_col-xs-12\"><div class=\"vc_column-inner\"><div class=\"wpb_wrapper\"><\/div><\/div><\/div><\/div><\/div><\/div><\/div><\/div><div class=\"vc_row wpb_row vc_row-fluid vc_custom_1574714444593 vc_row-has-fill gt-background-position-initial gt-background-attachment-initial vc_row-o-equal-height vc_row-flex\"><div class=\"wpb_column vc_column_container vc_col-sm-12 vc_col-lg-6 vc_col-md-6 vc_col-xs-12\"><div class=\"vc_column-inner vc_custom_1553367028075\"><div class=\"wpb_wrapper\"><div class=\"vc_row wpb_row vc_inner vc_row-fluid\"><div class=\"wpb_column vc_column_container vc_col-sm-12 vc_col-lg-1\/5 vc_col-md-1\/5 vc_col-xs-12\"><div class=\"vc_column-inner\"><div class=\"wpb_wrapper\"><\/div><\/div><\/div><div class=\"wpb_column vc_column_container vc_col-sm-12 vc_col-lg-3\/5 vc_col-md-3\/5 vc_col-xs-12\"><div class=\"vc_column-inner\"><div class=\"wpb_wrapper\"><div class=\"gt-page-title gt-light gt-right\"><h1>POST-PRODUCTION<\/h1><\/div><div class=\"vc_empty_space\"   style=\"height: 20px\"><span class=\"vc_empty_space_inner\"><\/span><\/div>\n\t<div class=\"wpb_text_column wpb_content_element \" >\n\t\t<div class=\"wpb_wrapper\">\n\t\t\t<p style=\"text-align: right;\"><span style=\"color: #ffffff;\">Au del\u00e0 de la prise de vue de vos produits, nous r\u00e9alisons aussi tous les travaux de post-production n\u00e9cessaires : d\u00e9tourage du produit, chromie, colorisation, redimensionnement, retouches simples ou complexes, exports aux formats de votre choix \u2026<\/span><\/p>\n<p style=\"text-align: right;\"><span style=\"color: #ffffff;\">Nous pouvons d\u2019une part, ne v\u00e9rifier que la colorim\u00e9trie, l\u2019\u00e9clairage, et la correction de petits d\u00e9fauts (poussi\u00e8res par exemple) ce que nous appelons d\u00e9veloppement. Ou bien partir sur une retouche plus pouss\u00e9e de l\u2019image dans le but de vous fournir la photo la plus parfaite possible.<\/span><\/p>\n\n\t\t<\/div>\n\t<\/div>\n<div class=\"vc_empty_space\"   style=\"height: 32px\"><span class=\"vc_empty_space_inner\"><\/span><\/div><div class=\"gt-button-element gt-style-1 gt-right gt-display-block gt-margin-0\"><a href=\"http:\/\/www.visual-photographie.fr\/index.php\/contact\/\" title=\"Prenez rendez vous\" target=\"_parent\">Prenez rendez vous<\/a><\/div><\/div><\/div><\/div><div class=\"wpb_column vc_column_container vc_col-sm-12 vc_col-lg-1\/5 vc_col-md-1\/5 vc_col-xs-12\"><div class=\"vc_column-inner\"><div class=\"wpb_wrapper\"><\/div><\/div><\/div><\/div><\/div><\/div><\/div><div class=\"wpb_column vc_column_container vc_col-sm-12 vc_col-lg-6 vc_col-md-6 vc_col-xs-12 vc_col-has-fill gt-background-position-top-center gt-background-attachment-inherit\"><div class=\"vc_column-inner vc_custom_1575564741906\"><div class=\"wpb_wrapper\"><\/div><\/div><\/div><\/div>\n","protected":false},"excerpt":{"rendered":"Photo CulinaireMettre en valeur l&#039;image de vos produits, et de votre entreprise.Les produits de votre entreprise Si avant,\u00a0 on immortalisait que les instants forts et important comme les mariages, les...","protected":false},"author":1,"featured_media":0,"parent":0,"menu_order":0,"comment_status":"closed","ping_status":"closed","template":"","meta":{"om_disable_all_campaigns":false,"_monsterinsights_skip_tracking":false,"_monsterinsights_sitenote_active":false,"_monsterinsights_sitenote_note":"","_monsterinsights_sitenote_category":0,"_uf_show_specific_survey":0,"_uf_disable_surveys":false,"footnotes":""},"folder":[8],"_links":{"self":[{"href":"https:\/\/www.visual-photographie.fr\/index.php\/wp-json\/wp\/v2\/pages\/3064"}],"collection":[{"href":"https:\/\/www.visual-photographie.fr\/index.php\/wp-json\/wp\/v2\/pages"}],"about":[{"href":"https:\/\/www.visual-photographie.fr\/index.php\/wp-json\/wp\/v2\/types\/page"}],"author":[{"embeddable":true,"href":"https:\/\/www.visual-photographie.fr\/index.php\/wp-json\/wp\/v2\/users\/1"}],"replies":[{"embeddable":true,"href":"https:\/\/www.visual-photographie.fr\/index.php\/wp-json\/wp\/v2\/comments?post=3064"}],"version-history":[{"count":21,"href":"https:\/\/www.visual-photographie.fr\/index.php\/wp-json\/wp\/v2\/pages\/3064\/revisions"}],"predecessor-version":[{"id":86686,"href":"https:\/\/www.visual-photographie.fr\/index.php\/wp-json\/wp\/v2\/pages\/3064\/revisions\/86686"}],"wp:attachment":[{"href":"https:\/\/www.visual-photographie.fr\/index.php\/wp-json\/wp\/v2\/media?parent=3064"}],"wp:term":[{"taxonomy":"folder","embeddable":true,"href":"https:\/\/www.visual-photographie.fr\/index.php\/wp-json\/wp\/v2\/folder?post=3064"}],"curies":[{"name":"wp","href":"https:\/\/api.w.org\/{rel}","templated":true}]}}