{"id":4021,"date":"2020-05-07T10:21:19","date_gmt":"2020-05-07T08:21:19","guid":{"rendered":"https:\/\/www.visual-photographie.fr\/?page_id=4021"},"modified":"2020-06-15T11:21:48","modified_gmt":"2020-06-15T09:21:48","slug":"photogrammetrie-livraison-client","status":"publish","type":"page","link":"https:\/\/www.visual-photographie.fr\/index.php\/photogrammetrie-livraison-client\/","title":{"rendered":"Photogramm\u00e9trie livraison client"},"content":{"rendered":"<div class=\"vc_row wpb_row vc_row-fluid gt-background-position-initial gt-background-attachment-initial\"><div data-vc-parallax=\"3\" data-vc-parallax-image=\"https:\/\/www.visual-photographie.fr\/wp-content\/uploads\/2020\/05\/AdobeStock_124927875-scaled.jpeg\" class=\"wpb_column vc_column_container vc_col-sm-12 vc_col-has-fill gt-background-position-initial gt-background-attachment-initial vc_general vc_parallax vc_parallax-content-moving\"><div class=\"vc_column-inner vc_custom_1588853401645\"><div class=\"wpb_wrapper\"><div class=\"gt-page-title gt-light gt-left\"><h1>Ce que nous livrons au client<\/h1><\/div><\/div><\/div><\/div><\/div><div data-vc-full-width=\"true\" data-vc-full-width-init=\"false\" class=\"vc_row wpb_row vc_row-fluid vc_custom_1588853459527 gt-background-position-initial gt-background-attachment-initial\"><div class=\"wpb_column vc_column_container vc_col-sm-4\"><div class=\"vc_column-inner\"><div class=\"wpb_wrapper\"><h2 style=\"text-align: left\" class=\"vc_custom_heading\" >Visuel<\/h2>\n\t<div class=\"wpb_text_column wpb_content_element \" >\n\t\t<div class=\"wpb_wrapper\">\n\t\t\t<p>Dans le cadre d\u2019une visite technique, et \u2018une photogramm\u00e9trie, nous livrons \u00e0 nos clients un dossier complet avec plusieurs types d\u2019images et de fichiers qu\u2019il est ensuite possible d\u2019utiliser de diff\u00e9rentes mani\u00e8res. L\u2019orthoplan de la fa\u00e7ade permet avec son niveau de d\u00e9finition de r\u00e9aliser des zooms dans l\u2019image pour visualiser chaque d\u00e9tail de votre chantier.<\/p>\n\n\t\t<\/div>\n\t<\/div>\n<\/div><\/div><\/div><div class=\"wpb_column vc_column_container vc_col-sm-8\"><div class=\"vc_column-inner\"><div class=\"wpb_wrapper\">\n\t<div  class=\"wpb_single_image wpb_content_element vc_align_left  vc_custom_1588839725749\">\n\t\t\n\t\t<figure class=\"wpb_wrapper vc_figure\">\n\t\t\t<div class=\"vc_single_image-wrapper   vc_box_border_grey\"><img loading=\"lazy\" decoding=\"async\" data-vc-zoom=\"https:\/\/www.visual-photographie.fr\/wp-content\/uploads\/2020\/05\/Facades-Ortho-Rue-Vauban-1024x525.jpg\" width=\"3000\" height=\"1538\" src=\"https:\/\/www.visual-photographie.fr\/wp-content\/uploads\/2020\/05\/Facades-Ortho-Rue-Vauban.jpg\" class=\"vc_single_image-img attachment-full\" alt=\"\" srcset=\"https:\/\/www.visual-photographie.fr\/wp-content\/uploads\/2020\/05\/Facades-Ortho-Rue-Vauban.jpg 3000w, https:\/\/www.visual-photographie.fr\/wp-content\/uploads\/2020\/05\/Facades-Ortho-Rue-Vauban-300x154.jpg 300w, https:\/\/www.visual-photographie.fr\/wp-content\/uploads\/2020\/05\/Facades-Ortho-Rue-Vauban-1024x525.jpg 1024w, https:\/\/www.visual-photographie.fr\/wp-content\/uploads\/2020\/05\/Facades-Ortho-Rue-Vauban-768x394.jpg 768w, https:\/\/www.visual-photographie.fr\/wp-content\/uploads\/2020\/05\/Facades-Ortho-Rue-Vauban-1536x787.jpg 1536w, https:\/\/www.visual-photographie.fr\/wp-content\/uploads\/2020\/05\/Facades-Ortho-Rue-Vauban-2048x1050.jpg 2048w, https:\/\/www.visual-photographie.fr\/wp-content\/uploads\/2020\/05\/Facades-Ortho-Rue-Vauban-600x308.jpg 600w, https:\/\/www.visual-photographie.fr\/wp-content\/uploads\/2020\/05\/Facades-Ortho-Rue-Vauban-750x385.jpg 750w, https:\/\/www.visual-photographie.fr\/wp-content\/uploads\/2020\/05\/Facades-Ortho-Rue-Vauban-1000x513.jpg 1000w, https:\/\/www.visual-photographie.fr\/wp-content\/uploads\/2020\/05\/Facades-Ortho-Rue-Vauban-1500x769.jpg 1500w, https:\/\/www.visual-photographie.fr\/wp-content\/uploads\/2020\/05\/Facades-Ortho-Rue-Vauban-2000x1025.jpg 2000w\" sizes=\"(max-width: 3000px) 100vw, 3000px\" \/><\/div>\n\t\t<\/figure>\n\t<\/div>\n<\/div><\/div><\/div><\/div><div class=\"vc_row-full-width vc_clearfix\"><\/div><div data-vc-full-width=\"true\" data-vc-full-width-init=\"false\" class=\"vc_row wpb_row vc_row-fluid gt-background-position-initial gt-background-attachment-initial\"><div class=\"wpb_column vc_column_container vc_col-sm-8\"><div class=\"vc_column-inner\"><div class=\"wpb_wrapper\">\n\t<div  class=\"wpb_single_image wpb_content_element vc_align_left  vc_custom_1588839649875\">\n\t\t\n\t\t<figure class=\"wpb_wrapper vc_figure\">\n\t\t\t<a href=\"https:\/\/www.visual-photographie.fr\/wp-content\/uploads\/2020\/05\/Capture-d\u2019\u00e9cran-2020-05-07-\u00e0-00.00.18-1024x676.png\" target=\"_self\" class=\"vc_single_image-wrapper   vc_box_border_grey\"><img loading=\"lazy\" decoding=\"async\" width=\"3100\" height=\"2046\" src=\"https:\/\/www.visual-photographie.fr\/wp-content\/uploads\/2020\/05\/Capture-d\u2019\u00e9cran-2020-05-07-\u00e0-00.00.18.png\" class=\"vc_single_image-img attachment-full\" alt=\"\" srcset=\"https:\/\/www.visual-photographie.fr\/wp-content\/uploads\/2020\/05\/Capture-d\u2019\u00e9cran-2020-05-07-\u00e0-00.00.18.png 3100w, https:\/\/www.visual-photographie.fr\/wp-content\/uploads\/2020\/05\/Capture-d\u2019\u00e9cran-2020-05-07-\u00e0-00.00.18-300x198.png 300w, https:\/\/www.visual-photographie.fr\/wp-content\/uploads\/2020\/05\/Capture-d\u2019\u00e9cran-2020-05-07-\u00e0-00.00.18-1024x676.png 1024w, https:\/\/www.visual-photographie.fr\/wp-content\/uploads\/2020\/05\/Capture-d\u2019\u00e9cran-2020-05-07-\u00e0-00.00.18-768x507.png 768w, https:\/\/www.visual-photographie.fr\/wp-content\/uploads\/2020\/05\/Capture-d\u2019\u00e9cran-2020-05-07-\u00e0-00.00.18-1536x1014.png 1536w, https:\/\/www.visual-photographie.fr\/wp-content\/uploads\/2020\/05\/Capture-d\u2019\u00e9cran-2020-05-07-\u00e0-00.00.18-2048x1351.png 2048w, https:\/\/www.visual-photographie.fr\/wp-content\/uploads\/2020\/05\/Capture-d\u2019\u00e9cran-2020-05-07-\u00e0-00.00.18-600x396.png 600w, https:\/\/www.visual-photographie.fr\/wp-content\/uploads\/2020\/05\/Capture-d\u2019\u00e9cran-2020-05-07-\u00e0-00.00.18-750x495.png 750w, https:\/\/www.visual-photographie.fr\/wp-content\/uploads\/2020\/05\/Capture-d\u2019\u00e9cran-2020-05-07-\u00e0-00.00.18-1000x660.png 1000w, https:\/\/www.visual-photographie.fr\/wp-content\/uploads\/2020\/05\/Capture-d\u2019\u00e9cran-2020-05-07-\u00e0-00.00.18-1500x990.png 1500w, https:\/\/www.visual-photographie.fr\/wp-content\/uploads\/2020\/05\/Capture-d\u2019\u00e9cran-2020-05-07-\u00e0-00.00.18-2000x1320.png 2000w\" sizes=\"(max-width: 3100px) 100vw, 3100px\" \/><\/a>\n\t\t<\/figure>\n\t<\/div>\n<\/div><\/div><\/div><div class=\"wpb_column vc_column_container vc_col-sm-4\"><div class=\"vc_column-inner\"><div class=\"wpb_wrapper\"><h2 style=\"text-align: left\" class=\"vc_custom_heading\" >Facile<\/h2>\n\t<div class=\"wpb_text_column wpb_content_element \" >\n\t\t<div class=\"wpb_wrapper\">\n\t\t\t<p>Pour faciliter la prise de cote, et de mesure sur le mod\u00e8le 3D, nous vous livrons un syst\u00e8me exploitable \u00e0 partir d\u2019un navigateur internet. Une simple connection internet suffit \u00e0 manipuler un mod\u00e8le 3D de votre chantier, \u00e0 des fins de calcul. Outre la rapidit\u00e9 de prise en main du syst\u00e8me en ligne, en le partageant avec les divers corps de m\u00e9tier, il vous permet de travailler sur les m\u00eame documents, et donc de pour parfaitement coordonner vos interventions.<\/p>\n\n\t\t<\/div>\n\t<\/div>\n<\/div><\/div><\/div><\/div><div class=\"vc_row-full-width vc_clearfix\"><\/div><div data-vc-full-width=\"true\" data-vc-full-width-init=\"false\" class=\"vc_row wpb_row vc_row-fluid vc_custom_1434538871508 gt-background-position-initial gt-background-attachment-initial\"><div class=\"wpb_column vc_column_container vc_col-sm-4\"><div class=\"vc_column-inner\"><div class=\"wpb_wrapper\"><h2 style=\"text-align: left\" class=\"vc_custom_heading\" >R\u00e9utilisable<\/h2>\n\t<div class=\"wpb_text_column wpb_content_element \" >\n\t\t<div class=\"wpb_wrapper\">\n\t\t\t<p>Nous vous livrons \u00e9galement un fichier \u00e0 destination de vos logiciels 3D (.obj, .las, .laz, .dae, .fbx, .dxf, etc).<\/p>\n<p>Nous utilisons des logiciels parmi les plus r\u00e9cents du march\u00e9. Nous sommes en mesure de vous fournir des fichiers \u00e0 diverses \u00e9tapes du rendu.<\/p>\n<p>Le nuage de point peut \u00eatre particuli\u00e8rement dense. Nous r\u00e9alisons nos prises de vues sur la base de vos attentes en termes de rendu. En effet la d\u00e9finition attendu est \u00e9troitement li\u00e9 au process de prises de vue. Le drone fonctionne souvent de mani\u00e8re automatis\u00e9e.<\/p>\n\n\t\t<\/div>\n\t<\/div>\n<\/div><\/div><\/div><div class=\"wpb_column vc_column_container vc_col-sm-8\"><div class=\"vc_column-inner\"><div class=\"wpb_wrapper\">\n\t<div  class=\"wpb_single_image wpb_content_element vc_align_left  vc_custom_1588840809152\">\n\t\t\n\t\t<figure class=\"wpb_wrapper vc_figure\">\n\t\t\t<div class=\"vc_single_image-wrapper   vc_box_border_grey\"><img loading=\"lazy\" decoding=\"async\" width=\"2304\" height=\"1972\" src=\"https:\/\/www.visual-photographie.fr\/wp-content\/uploads\/2020\/05\/Capture-d\u2019\u00e9cran-2020-05-06-\u00e0-23.34.31.png\" class=\"vc_single_image-img attachment-full\" alt=\"\" srcset=\"https:\/\/www.visual-photographie.fr\/wp-content\/uploads\/2020\/05\/Capture-d\u2019\u00e9cran-2020-05-06-\u00e0-23.34.31.png 2304w, https:\/\/www.visual-photographie.fr\/wp-content\/uploads\/2020\/05\/Capture-d\u2019\u00e9cran-2020-05-06-\u00e0-23.34.31-300x257.png 300w, https:\/\/www.visual-photographie.fr\/wp-content\/uploads\/2020\/05\/Capture-d\u2019\u00e9cran-2020-05-06-\u00e0-23.34.31-1024x876.png 1024w, https:\/\/www.visual-photographie.fr\/wp-content\/uploads\/2020\/05\/Capture-d\u2019\u00e9cran-2020-05-06-\u00e0-23.34.31-768x657.png 768w, https:\/\/www.visual-photographie.fr\/wp-content\/uploads\/2020\/05\/Capture-d\u2019\u00e9cran-2020-05-06-\u00e0-23.34.31-1536x1315.png 1536w, https:\/\/www.visual-photographie.fr\/wp-content\/uploads\/2020\/05\/Capture-d\u2019\u00e9cran-2020-05-06-\u00e0-23.34.31-2048x1753.png 2048w, https:\/\/www.visual-photographie.fr\/wp-content\/uploads\/2020\/05\/Capture-d\u2019\u00e9cran-2020-05-06-\u00e0-23.34.31-600x514.png 600w, https:\/\/www.visual-photographie.fr\/wp-content\/uploads\/2020\/05\/Capture-d\u2019\u00e9cran-2020-05-06-\u00e0-23.34.31-750x642.png 750w, https:\/\/www.visual-photographie.fr\/wp-content\/uploads\/2020\/05\/Capture-d\u2019\u00e9cran-2020-05-06-\u00e0-23.34.31-1000x856.png 1000w, https:\/\/www.visual-photographie.fr\/wp-content\/uploads\/2020\/05\/Capture-d\u2019\u00e9cran-2020-05-06-\u00e0-23.34.31-1500x1284.png 1500w, https:\/\/www.visual-photographie.fr\/wp-content\/uploads\/2020\/05\/Capture-d\u2019\u00e9cran-2020-05-06-\u00e0-23.34.31-2000x1712.png 2000w\" sizes=\"(max-width: 2304px) 100vw, 2304px\" \/><\/div>\n\t\t<\/figure>\n\t<\/div>\n<\/div><\/div><\/div><\/div><div class=\"vc_row-full-width vc_clearfix\"><\/div><div data-vc-full-width=\"true\" data-vc-full-width-init=\"false\" class=\"vc_row wpb_row vc_row-fluid gt-background-position-initial gt-background-attachment-initial\"><div class=\"wpb_column vc_column_container vc_col-sm-8\"><div class=\"vc_column-inner\"><div class=\"wpb_wrapper\">\n\t<div class=\"wpb_text_column wpb_content_element \" >\n\t\t<div class=\"wpb_wrapper\">\n\t\t\t<p><iframe loading=\"lazy\" src=\"https:\/\/www.visual-photographie.fr\/ipanorama\/virtualtour\/1\" width=\"680\" height=\"365\" frameborder=\"3\" allowfullscreen=\"allowfullscreen\"><\/iframe><\/p>\n\n\t\t<\/div>\n\t<\/div>\n<\/div><\/div><\/div><div class=\"wpb_column vc_column_container vc_col-sm-4\"><div class=\"vc_column-inner\"><div class=\"wpb_wrapper\"><h2 style=\"text-align: left\" class=\"vc_custom_heading\" >Complet<\/h2>\n\t<div class=\"wpb_text_column wpb_content_element \" >\n\t\t<div class=\"wpb_wrapper\">\n\t\t\t<p>Pour faciliter la prise de cote, et de mesure sur le mod\u00e8le 3D, nous vous livrons un syst\u00e8me exploitable \u00e0 partir d\u2019un navigateur internet. Une simple connection internet suffit \u00e0 manipuler un mod\u00e8le 3D de votre chantier, \u00e0 des fins de calcul. Outre la rapidit\u00e9 de prise en main du syst\u00e8me en ligne, en le partageant avec les divers corps de m\u00e9tier, il vous permet de travailler sur les m\u00eame documents, et donc de pour parfaitement coordonner vos interventions.<\/p>\n\n\t\t<\/div>\n\t<\/div>\n<\/div><\/div><\/div><\/div><div class=\"vc_row-full-width vc_clearfix\"><\/div><div class=\"vc_row wpb_row vc_row-fluid vc_custom_1588855503205 gt-background-position-initial gt-background-attachment-initial\"><div class=\"wpb_column vc_column_container vc_col-sm-12\"><div class=\"vc_column-inner\"><div class=\"wpb_wrapper\"><div class=\"gt-page-title gt-dark gt-center\"><h1>Contactez nous<\/h1><p class=\"lead\">Venez poser vos questions.<\/p><\/div><div class=\"vc_btn3-container vc_btn3-center\" ><a class=\"vc_general vc_btn3 vc_btn3-size-md vc_btn3-shape-rounded vc_btn3-style-flat vc_btn3-icon-left vc_btn3-color-primary\" href=\"https:\/\/www.visual-photographie.fr\/index.php\/contact\/\" title=\"Contact\" target=\"_blank\"><i class=\"vc_btn3-icon fa fa-info-circle\"><\/i> Contact<\/a><\/div><div class=\"vc_btn3-container vc_btn3-inline\" ><a class=\"vc_general vc_btn3 vc_btn3-size-md vc_btn3-shape-rounded vc_btn3-style-modern vc_btn3-color-grey\" href=\"https:\/\/www.visual-photographie.fr\/index.php\/domaine-dapplication-par-photogrametrie\/\" title=\"Domaine d\u2019Application & Photogram\u00e9trie\">Retour page pr\u00e9c\u00e9dente<\/a><\/div><\/div><\/div><\/div><\/div>\n","protected":false},"excerpt":{"rendered":"Ce que nous livrons au clientVisuel Dans le cadre d'une visite technique, et 'une photogramm\u00e9trie, nous livrons \u00e0 nos clients un dossier complet avec plusieurs types d'images et de fichiers...","protected":false},"author":1,"featured_media":0,"parent":0,"menu_order":0,"comment_status":"closed","ping_status":"closed","template":"","meta":{"om_disable_all_campaigns":false,"_monsterinsights_skip_tracking":false,"_monsterinsights_sitenote_active":false,"_monsterinsights_sitenote_note":"","_monsterinsights_sitenote_category":0,"_uf_show_specific_survey":0,"_uf_disable_surveys":false,"footnotes":""},"folder":[],"_links":{"self":[{"href":"https:\/\/www.visual-photographie.fr\/index.php\/wp-json\/wp\/v2\/pages\/4021"}],"collection":[{"href":"https:\/\/www.visual-photographie.fr\/index.php\/wp-json\/wp\/v2\/pages"}],"about":[{"href":"https:\/\/www.visual-photographie.fr\/index.php\/wp-json\/wp\/v2\/types\/page"}],"author":[{"embeddable":true,"href":"https:\/\/www.visual-photographie.fr\/index.php\/wp-json\/wp\/v2\/users\/1"}],"replies":[{"embeddable":true,"href":"https:\/\/www.visual-photographie.fr\/index.php\/wp-json\/wp\/v2\/comments?post=4021"}],"version-history":[{"count":33,"href":"https:\/\/www.visual-photographie.fr\/index.php\/wp-json\/wp\/v2\/pages\/4021\/revisions"}],"predecessor-version":[{"id":4584,"href":"https:\/\/www.visual-photographie.fr\/index.php\/wp-json\/wp\/v2\/pages\/4021\/revisions\/4584"}],"wp:attachment":[{"href":"https:\/\/www.visual-photographie.fr\/index.php\/wp-json\/wp\/v2\/media?parent=4021"}],"wp:term":[{"taxonomy":"folder","embeddable":true,"href":"https:\/\/www.visual-photographie.fr\/index.php\/wp-json\/wp\/v2\/folder?post=4021"}],"curies":[{"name":"wp","href":"https:\/\/api.w.org\/{rel}","templated":true}]}}